{"id":3127,"date":"2024-10-23T08:53:00","date_gmt":"2024-10-23T06:53:00","guid":{"rendered":"https:\/\/www.artoisplastiques.fr\/nase-aktivnosti\/ured-za-istrazivanje\/"},"modified":"2024-12-13T09:38:39","modified_gmt":"2024-12-13T08:38:39","slug":"ured-za-istrazivanje","status":"publish","type":"page","link":"https:\/\/www.artoisplastiques.fr\/sr\/nase-aktivnosti\/ured-za-istrazivanje\/","title":{"rendered":"Ured za istra\u017eivanje"},"content":{"rendered":"\t\t<div data-elementor-type=\"wp-page\" data-elementor-id=\"3127\" class=\"elementor elementor-3127 elementor-1885\" data-elementor-post-type=\"page\">\n\t\t\t\t<div class=\"elementor-element elementor-element-c307a29 e-flex e-con-boxed e-con e-parent\" data-id=\"c307a29\" data-element_type=\"container\" data-e-type=\"container\" data-settings=\"{&quot;background_background&quot;:&quot;classic&quot;,&quot;jet_parallax_layout_list&quot;:[]}\">\n\t\t\t\t\t<div class=\"e-con-inner\">\n\t\t\t\t<div class=\"elementor-element elementor-element-dcda2ff elementor-widget elementor-widget-heading\" data-id=\"dcda2ff\" data-element_type=\"widget\" data-e-type=\"widget\" data-widget_type=\"heading.default\">\n\t\t\t\t<div class=\"elementor-widget-container\">\n\t\t\t\t\t<h1 class=\"elementor-heading-title elementor-size-default\">Ured za istra\u017eivanje<\/h1>\t\t\t\t<\/div>\n\t\t\t\t<\/div>\n\t\t\t\t<div class=\"elementor-element elementor-element-9354e71 elementor-widget-mobile__width-initial elementor-widget elementor-widget-text-editor\" data-id=\"9354e71\" data-element_type=\"widget\" data-e-type=\"widget\" data-widget_type=\"text-editor.default\">\n\t\t\t\t<div class=\"elementor-widget-container\">\n\t\t\t\t\t\t\t\t\t<p><span style=\"font-weight: 400;\">U Artois Plastique-u, na\u0161 Ured za istra\u017eivanje (UI) je klju\u010dni oslonac u dizajnu i realizaciji va\u0161ih projekata od plastike i metala. Na\u0161 tim stru\u010dnjaka stavlja vam na raspolaganje svoje tehni\u010dko znanje kako bi vas podr\u017eao u dizajnu, planiranju i preporuci materijala i re\u0161enja koja su najprikladnija za va\u0161e specifi\u010dne potrebe. <\/span><\/p>\n\t\t\t\t\t\t\t\t<\/div>\n\t\t\t\t<\/div>\n\t\t\t\t\t<\/div>\n\t\t\t\t<\/div>\n\t\t<div class=\"elementor-element elementor-element-51e5990 e-flex e-con-boxed e-con e-parent\" data-id=\"51e5990\" data-element_type=\"container\" data-e-type=\"container\" data-settings=\"{&quot;jet_parallax_layout_list&quot;:[],&quot;background_background&quot;:&quot;classic&quot;}\">\n\t\t\t\t\t<div class=\"e-con-inner\">\n\t\t<div class=\"elementor-element elementor-element-e0202ce e-con-full e-flex e-con e-child\" data-id=\"e0202ce\" data-element_type=\"container\" data-e-type=\"container\" data-settings=\"{&quot;jet_parallax_layout_list&quot;:[]}\">\n\t\t\t\t<div class=\"elementor-element elementor-element-80ad0ad elementor-widget elementor-widget-heading\" data-id=\"80ad0ad\" data-element_type=\"widget\" data-e-type=\"widget\" data-widget_type=\"heading.default\">\n\t\t\t\t<div class=\"elementor-widget-container\">\n\t\t\t\t\t<h2 class=\"elementor-heading-title elementor-size-default\">Tehni\u010dki dizajn <\/h2>\t\t\t\t<\/div>\n\t\t\t\t<\/div>\n\t\t\t\t<div class=\"elementor-element elementor-element-29efca9 elementor-widget elementor-widget-text-editor\" data-id=\"29efca9\" data-element_type=\"widget\" data-e-type=\"widget\" data-widget_type=\"text-editor.default\">\n\t\t\t\t<div class=\"elementor-widget-container\">\n\t\t\t\t\t\t\t\t\t<ul>\n<li style=\"font-weight: 400;\" aria-level=\"1\"><b>Studija potreba :<\/b> <span style=\"font-weight: 400;\">Po\u010dinjemo analizom va\u0161ih potreba i specifi\u010dnih zahteva, uzimaju\u0107i u obzir tehni\u010dke, ekonomske i funkcionalne ograni\u010denja va\u0161eg projekta.<\/span><\/li>\n<li><b>3D modelovanje<\/b><span style=\"font-weight: 400;\"> : Koristimo softvere za ra\u010dunarski potpomognuto projektovanje (CAD) kako bismo kreirali detaljne 3D modele va\u0161ih delova ili struktura. To omogu\u0107ava vizualizaciju projekta, identifikaciju mogu\u0107ih problema i validaciju izbora pre proizvodnje. <\/span><\/li>\n<\/ul>\n\t\t\t\t\t\t\t\t<\/div>\n\t\t\t\t<\/div>\n\t\t\t\t<\/div>\n\t\t\t\t\t<\/div>\n\t\t\t\t<\/div>\n\t\t<div class=\"elementor-element elementor-element-f41ab4a e-flex e-con-boxed e-con e-parent\" data-id=\"f41ab4a\" data-element_type=\"container\" data-e-type=\"container\" data-settings=\"{&quot;jet_parallax_layout_list&quot;:[],&quot;background_background&quot;:&quot;classic&quot;}\">\n\t\t\t\t\t<div class=\"e-con-inner\">\n\t\t<div class=\"elementor-element elementor-element-b93f3bb e-con-full e-flex e-con e-child\" data-id=\"b93f3bb\" data-element_type=\"container\" data-e-type=\"container\" data-settings=\"{&quot;jet_parallax_layout_list&quot;:[]}\">\n\t\t<div class=\"elementor-element elementor-element-1072cab e-con-full e-flex e-con e-child\" data-id=\"1072cab\" data-element_type=\"container\" data-e-type=\"container\" data-settings=\"{&quot;jet_parallax_layout_list&quot;:[]}\">\n\t\t\t\t<div class=\"elementor-element elementor-element-8899204 elementor-widget elementor-widget-heading\" data-id=\"8899204\" data-element_type=\"widget\" data-e-type=\"widget\" data-widget_type=\"heading.default\">\n\t\t\t\t<div class=\"elementor-widget-container\">\n\t\t\t\t\t<h2 class=\"elementor-heading-title elementor-size-default\">Preporuka materijala <\/h2>\t\t\t\t<\/div>\n\t\t\t\t<\/div>\n\t\t\t\t<div class=\"elementor-element elementor-element-6c6c4fe elementor-widget elementor-widget-text-editor\" data-id=\"6c6c4fe\" data-element_type=\"widget\" data-e-type=\"widget\" data-widget_type=\"text-editor.default\">\n\t\t\t\t<div class=\"elementor-widget-container\">\n\t\t\t\t\t\t\t\t\t<ul>\n<li style=\"font-weight: 400;\" aria-level=\"1\"><b>Izbor materijala<\/b><span style=\"font-weight: 400;\"> : Na osnovu va\u0161eg tehni\u010dkog zadatka, savetujemo vas o najprikladnijim materijalima za va\u0161 projekat. Uzimamo u obzir kriterijume kao \u0161to su mehani\u010dka otpornost, temperatura, kontakt sa hranom, kontakt sa hemikalijama, dugotrajnost i specifi\u010dne osobine plastike ili metala koji su potrebni. <\/span><\/li>\n<li><b>Analiza svojstava :<\/b> <span style=\"font-weight: 400;\">Sprovodimo dubinsku analizu svojstava dostupnih materijala, uklju\u010duju\u0107i plastiku kao \u0161to su polietilen, polipropilen i polikarbonat, kao i metalne legure kao \u0161to su ner\u0111aju\u0107i \u010delik i aluminijum.<\/span><\/li>\n<\/ul>\n\t\t\t\t\t\t\t\t<\/div>\n\t\t\t\t<\/div>\n\t\t\t\t<\/div>\n\t\t<div class=\"elementor-element elementor-element-29776a4 e-con-full e-flex e-con e-child\" data-id=\"29776a4\" data-element_type=\"container\" data-e-type=\"container\" data-settings=\"{&quot;jet_parallax_layout_list&quot;:[],&quot;background_background&quot;:&quot;classic&quot;}\">\n\t\t\t\t<\/div>\n\t\t\t\t<\/div>\n\t\t\t\t\t<\/div>\n\t\t\t\t<\/div>\n\t\t<div class=\"elementor-element elementor-element-938c305 e-flex e-con-boxed e-con e-parent\" data-id=\"938c305\" data-element_type=\"container\" data-e-type=\"container\" data-settings=\"{&quot;jet_parallax_layout_list&quot;:[],&quot;background_background&quot;:&quot;classic&quot;}\">\n\t\t\t\t\t<div class=\"e-con-inner\">\n\t\t<div class=\"elementor-element elementor-element-1e950e9 e-con-full e-flex e-con e-child\" data-id=\"1e950e9\" data-element_type=\"container\" data-e-type=\"container\" data-settings=\"{&quot;jet_parallax_layout_list&quot;:[]}\">\n\t\t<div class=\"elementor-element elementor-element-5855e1a e-con-full e-flex e-con e-child\" data-id=\"5855e1a\" data-element_type=\"container\" data-e-type=\"container\" data-settings=\"{&quot;jet_parallax_layout_list&quot;:[]}\">\n\t\t\t\t<div class=\"elementor-element elementor-element-c32911c elementor-widget__width-initial elementor-widget-tablet__width-initial elementor-widget elementor-widget-raven-image\" data-id=\"c32911c\" data-element_type=\"widget\" data-e-type=\"widget\" data-widget_type=\"raven-image.default\">\n\t\t\t\t<div class=\"elementor-widget-container\">\n\t\t\t\t\t\t\t<div class=\"raven-image\">\n\t\t\n\t\t\n\t\t<img fetchpriority=\"high\" decoding=\"async\" width=\"574\" height=\"800\" src=\"https:\/\/www.artoisplastiques.fr\/wp-content\/uploads\/2024\/11\/web_ArtoisPlast_lampes_006@ACHphoto.jpg\" class=\"attachment-full size-full wp-image-3128\" alt=\"\" srcset=\"https:\/\/www.artoisplastiques.fr\/wp-content\/uploads\/2024\/11\/web_ArtoisPlast_lampes_006@ACHphoto.jpg 574w, https:\/\/www.artoisplastiques.fr\/wp-content\/uploads\/2024\/11\/web_ArtoisPlast_lampes_006@ACHphoto-215x300.jpg 215w\" sizes=\"(max-width: 574px) 100vw, 574px\" \/>\t\t<\/div>\n\t\t\t\t\t\t<\/div>\n\t\t\t\t<\/div>\n\t\t\t\t<\/div>\n\t\t<div class=\"elementor-element elementor-element-0d87b29 e-con-full e-flex e-con e-child\" data-id=\"0d87b29\" data-element_type=\"container\" data-e-type=\"container\" data-settings=\"{&quot;jet_parallax_layout_list&quot;:[]}\">\n\t\t\t\t<div class=\"elementor-element elementor-element-c4a31d2 elementor-widget elementor-widget-heading\" data-id=\"c4a31d2\" data-element_type=\"widget\" data-e-type=\"widget\" data-widget_type=\"heading.default\">\n\t\t\t\t<div class=\"elementor-widget-container\">\n\t\t\t\t\t<h2 class=\"elementor-heading-title elementor-size-default\">Razvoj prototipa<\/h2>\t\t\t\t<\/div>\n\t\t\t\t<\/div>\n\t\t\t\t<div class=\"elementor-element elementor-element-664fb75 elementor-widget elementor-widget-text-editor\" data-id=\"664fb75\" data-element_type=\"widget\" data-e-type=\"widget\" data-widget_type=\"text-editor.default\">\n\t\t\t\t<div class=\"elementor-widget-container\">\n\t\t\t\t\t\t\t\t\t<ul>\n<li style=\"font-weight: 400;\" aria-level=\"1\"><b>Proizvodnja prototipa<\/b><span style=\"font-weight: 400;\"> : Razvijamo prototipove kako bismo testirali i validirali koncepte pre serijske proizvodnje. Prototipovi omogu\u0107avaju proveru funkcionalnosti, kvaliteta i prilagodljivosti delova. <\/span><\/li>\n<li style=\"font-weight: 400;\" aria-level=\"1\"><b>Testiranje i validacija : <\/b><span style=\"font-weight: 400;\">Prototipovi se podvrgavaju rigoroznim testovima kako bi se osiguralo da ispunjavaju norme performansi i tehni\u010dke specifikacije.<\/span><\/li>\n<li><b>Tehni\u010dka podr\u0161ka :<\/b> <span style=\"font-weight: 400;\">Na\u0161 tim je dostupan da pru\u017ei tehni\u010dku podr\u0161ku tokom celog projekta, odgovori na pitanja i re\u0161i eventualne probleme.<\/span><\/li>\n<\/ul>\n\t\t\t\t\t\t\t\t<\/div>\n\t\t\t\t<\/div>\n\t\t\t\t<\/div>\n\t\t\t\t<\/div>\n\t\t\t\t\t<\/div>\n\t\t\t\t<\/div>\n\t\t<div class=\"elementor-element elementor-element-5e8b5b3 e-flex e-con-boxed e-con e-parent\" data-id=\"5e8b5b3\" data-element_type=\"container\" data-e-type=\"container\" data-settings=\"{&quot;jet_parallax_layout_list&quot;:[],&quot;background_background&quot;:&quot;classic&quot;}\">\n\t\t\t\t\t<div class=\"e-con-inner\">\n\t\t<div class=\"elementor-element elementor-element-328c95a e-con-full e-flex e-con e-child\" data-id=\"328c95a\" data-element_type=\"container\" data-e-type=\"container\" data-settings=\"{&quot;jet_parallax_layout_list&quot;:[]}\">\n\t\t<div class=\"elementor-element elementor-element-ef59730 e-con-full e-flex e-con e-child\" data-id=\"ef59730\" data-element_type=\"container\" data-e-type=\"container\" data-settings=\"{&quot;jet_parallax_layout_list&quot;:[]}\">\n\t\t\t\t<div class=\"elementor-element elementor-element-aa27bee elementor-widget elementor-widget-heading\" data-id=\"aa27bee\" data-element_type=\"widget\" data-e-type=\"widget\" data-widget_type=\"heading.default\">\n\t\t\t\t<div class=\"elementor-widget-container\">\n\t\t\t\t\t<h2 class=\"elementor-heading-title elementor-size-default\">Izrada plana <\/h2>\t\t\t\t<\/div>\n\t\t\t\t<\/div>\n\t\t\t\t<div class=\"elementor-element elementor-element-05f13a8 elementor-widget elementor-widget-text-editor\" data-id=\"05f13a8\" data-element_type=\"widget\" data-e-type=\"widget\" data-widget_type=\"text-editor.default\">\n\t\t\t\t<div class=\"elementor-widget-container\">\n\t\t\t\t\t\t\t\t\t<ul>\n<li style=\"font-weight: 400;\" aria-level=\"1\"><span style=\"font-weight: 400;\">Uzimanje mera na dostavljenim delovima (o\u0161te\u0107enim ili novim)<\/span><\/li>\n<\/ul>\n<h5><i><span style=\"font-weight: 400;\">Specifi\u010dne usluge<\/span><\/i><\/h5>\n<ul>\n<li style=\"font-weight: 400;\" aria-level=\"1\"><b>Studije izvodljivosti :<\/b> <span style=\"font-weight: 400;\">Analiza tehni\u010dke i ekonomske izvodljivosti va\u0161ih projekata kako bi se osigurala njihova odr\u017eivost.<\/span><\/li>\n<li style=\"font-weight: 400;\" aria-level=\"1\"><b>Blueprint:<\/b> <span style=\"font-weight: 400;\">Izrada detaljnih tehni\u010dkih crte\u017ea kako bi se omogu\u0107ilo izradu i monta\u017eu.<\/span><\/li>\n<li style=\"font-weight: 400;\" aria-level=\"1\"><b>Simulacija pona\u0161anja:<\/b> <span style=\"font-weight: 400;\">Upotreba softvera za simulaciju za predvi\u0111anje pona\u0161anja delova pod razli\u010ditim uslovima upotrebe.<\/span><\/li>\n<li><b>Tehni\u010dka dokumentacija: <\/b><span style=\"font-weight: 400;\">Obezbe\u0111ivanje kompletne tehni\u010dke dokumentacije, uklju\u010duju\u0107i specifikacije, uputstva za monta\u017eu i izve\u0161taje o ispitivanju.<\/span><\/li>\n<\/ul>\n\t\t\t\t\t\t\t\t<\/div>\n\t\t\t\t<\/div>\n\t\t\t\t<\/div>\n\t\t<div class=\"elementor-element elementor-element-ecd6f68 e-con-full e-flex e-con e-child\" data-id=\"ecd6f68\" data-element_type=\"container\" data-e-type=\"container\" data-settings=\"{&quot;jet_parallax_layout_list&quot;:[],&quot;background_background&quot;:&quot;classic&quot;}\">\n\t\t\t\t<\/div>\n\t\t\t\t<\/div>\n\t\t\t\t\t<\/div>\n\t\t\t\t<\/div>\n\t\t<div class=\"elementor-element elementor-element-d0d497d e-flex e-con-boxed e-con e-parent\" data-id=\"d0d497d\" data-element_type=\"container\" data-e-type=\"container\" data-settings=\"{&quot;background_background&quot;:&quot;classic&quot;,&quot;jet_parallax_layout_list&quot;:[]}\">\n\t\t\t\t\t<div class=\"e-con-inner\">\n\t\t<div class=\"elementor-element elementor-element-4988d39 e-con-full e-flex e-con e-child\" data-id=\"4988d39\" data-element_type=\"container\" data-e-type=\"container\" data-settings=\"{&quot;jet_parallax_layout_list&quot;:[]}\">\n\t\t\t\t<div class=\"elementor-element elementor-element-da8b728 elementor-widget elementor-widget-heading\" data-id=\"da8b728\" data-element_type=\"widget\" data-e-type=\"widget\" data-widget_type=\"heading.default\">\n\t\t\t\t<div class=\"elementor-widget-container\">\n\t\t\t\t\t<h2 class=\"elementor-heading-title elementor-size-default\">Imate projekat?<\/h2>\t\t\t\t<\/div>\n\t\t\t\t<\/div>\n\t\t\t\t<div class=\"elementor-element elementor-element-8338b22 elementor-widget elementor-widget-heading\" data-id=\"8338b22\" data-element_type=\"widget\" data-e-type=\"widget\" data-widget_type=\"heading.default\">\n\t\t\t\t<div class=\"elementor-widget-container\">\n\t\t\t\t\t<span class=\"elementor-heading-title elementor-size-default\">Na\u0161i tehni\u010dari \u0107e rado odgovoriti na va\u0161a pitanja.<\/span>\t\t\t\t<\/div>\n\t\t\t\t<\/div>\n\t\t\t\t<\/div>\n\t\t<div class=\"elementor-element elementor-element-f72acd5 e-con-full e-flex e-con e-child\" data-id=\"f72acd5\" data-element_type=\"container\" data-e-type=\"container\" data-settings=\"{&quot;jet_parallax_layout_list&quot;:[]}\">\n\t\t\t\t<div class=\"elementor-element elementor-element-f3eef50 contact-btn elementor-widget elementor-widget-raven-image\" data-id=\"f3eef50\" data-element_type=\"widget\" data-e-type=\"widget\" data-widget_type=\"raven-image.default\">\n\t\t\t\t<div class=\"elementor-widget-container\">\n\t\t\t\t\t\t\t<div class=\"raven-image\">\n\t\t\n\t\t\n\t\t<img decoding=\"async\" width=\"482\" height=\"107\" src=\"https:\/\/www.artoisplastiques.fr\/wp-content\/uploads\/2024\/10\/Bouton-Contact.png\" class=\"attachment-full size-full wp-image-3081\" alt=\"\" srcset=\"https:\/\/www.artoisplastiques.fr\/wp-content\/uploads\/2024\/10\/Bouton-Contact.png 482w, https:\/\/www.artoisplastiques.fr\/wp-content\/uploads\/2024\/10\/Bouton-Contact-300x67.png 300w\" sizes=\"(max-width: 482px) 100vw, 482px\" \/>\t\t<\/div>\n\t\t\t\t\t\t<\/div>\n\t\t\t\t<\/div>\n\t\t\t\t<\/div>\n\t\t\t\t\t<\/div>\n\t\t\t\t<\/div>\n\t\t\t\t<\/div>\n\t\t","protected":false},"excerpt":{"rendered":"<p>Ured za istra\u017eivanje U Artois Plastique-u, na\u0161 Ured za istra\u017eivanje (UI) je klju\u010dni oslonac u dizajnu i realizaciji va\u0161ih projekata od plastike i metala. Na\u0161 tim stru\u010dnjaka stavlja vam na raspolaganje svoje tehni\u010dko znanje kako bi vas podr\u017eao u dizajnu, planiranju i preporuci materijala i re\u0161enja koja su najprikladnija za va\u0161e specifi\u010dne potrebe. Tehni\u010dki dizajn [&hellip;]<\/p>\n","protected":false},"author":1,"featured_media":58,"parent":3102,"menu_order":0,"comment_status":"closed","ping_status":"closed","template":"","meta":{"_acf_changed":false,"iawp_total_views":10,"footnotes":""},"class_list":["post-3127","page","type-page","status-publish","has-post-thumbnail","hentry"],"acf":[],"yoast_head":"<!-- This site is optimized with the Yoast SEO plugin v27.3 - https:\/\/yoast.com\/product\/yoast-seo-wordpress\/ -->\n<title>Ured za istra\u017eivanje - Artois Plastiques<\/title>\n<meta name=\"robots\" content=\"index, follow, max-snippet:-1, max-image-preview:large, max-video-preview:-1\" \/>\n<link rel=\"canonical\" href=\"https:\/\/www.artoisplastiques.fr\/sr\/nase-aktivnosti\/ured-za-istrazivanje\/\" \/>\n<meta property=\"og:locale\" content=\"sr_RS\" \/>\n<meta property=\"og:type\" content=\"article\" \/>\n<meta property=\"og:title\" content=\"Ured za istra\u017eivanje - Artois Plastiques\" \/>\n<meta property=\"og:description\" content=\"Ured za istra\u017eivanje U Artois Plastique-u, na\u0161 Ured za istra\u017eivanje (UI) je klju\u010dni oslonac u dizajnu i realizaciji va\u0161ih projekata od plastike i metala. Na\u0161 tim stru\u010dnjaka stavlja vam na raspolaganje svoje tehni\u010dko znanje kako bi vas podr\u017eao u dizajnu, planiranju i preporuci materijala i re\u0161enja koja su najprikladnija za va\u0161e specifi\u010dne potrebe. Tehni\u010dki dizajn [&hellip;]\" \/>\n<meta property=\"og:url\" content=\"https:\/\/www.artoisplastiques.fr\/sr\/nase-aktivnosti\/ured-za-istrazivanje\/\" \/>\n<meta property=\"og:site_name\" content=\"Artois Plastiques\" \/>\n<meta property=\"article:modified_time\" content=\"2024-12-13T08:38:39+00:00\" \/>\n<meta property=\"og:image\" content=\"https:\/\/www.artoisplastiques.fr\/wp-content\/uploads\/2024\/03\/artois-footer.jpg\" \/>\n\t<meta property=\"og:image:width\" content=\"315\" \/>\n\t<meta property=\"og:image:height\" content=\"116\" \/>\n\t<meta property=\"og:image:type\" content=\"image\/jpeg\" \/>\n<meta name=\"twitter:card\" content=\"summary_large_image\" \/>\n<meta name=\"twitter:label1\" content=\"\u041f\u0440\u043e\u0446\u0435\u045a\u0435\u043d\u043e \u0432\u0440\u0435\u043c\u0435 \u0447\u0438\u0442\u0430\u045a\u0430\" \/>\n\t<meta name=\"twitter:data1\" content=\"2 \u043c\u0438\u043d\u0443\u0442\u0430\" \/>\n<script type=\"application\/ld+json\" class=\"yoast-schema-graph\">{\"@context\":\"https:\\\/\\\/schema.org\",\"@graph\":[{\"@type\":\"WebPage\",\"@id\":\"https:\\\/\\\/www.artoisplastiques.fr\\\/sr\\\/nase-aktivnosti\\\/ured-za-istrazivanje\\\/\",\"url\":\"https:\\\/\\\/www.artoisplastiques.fr\\\/sr\\\/nase-aktivnosti\\\/ured-za-istrazivanje\\\/\",\"name\":\"Ured za istra\u017eivanje - Artois Plastiques\",\"isPartOf\":{\"@id\":\"https:\\\/\\\/www.artoisplastiques.fr\\\/sr\\\/#website\"},\"primaryImageOfPage\":{\"@id\":\"https:\\\/\\\/www.artoisplastiques.fr\\\/sr\\\/nase-aktivnosti\\\/ured-za-istrazivanje\\\/#primaryimage\"},\"image\":{\"@id\":\"https:\\\/\\\/www.artoisplastiques.fr\\\/sr\\\/nase-aktivnosti\\\/ured-za-istrazivanje\\\/#primaryimage\"},\"thumbnailUrl\":\"https:\\\/\\\/www.artoisplastiques.fr\\\/wp-content\\\/uploads\\\/2024\\\/03\\\/artois-footer.jpg\",\"datePublished\":\"2024-10-23T06:53:00+00:00\",\"dateModified\":\"2024-12-13T08:38:39+00:00\",\"breadcrumb\":{\"@id\":\"https:\\\/\\\/www.artoisplastiques.fr\\\/sr\\\/nase-aktivnosti\\\/ured-za-istrazivanje\\\/#breadcrumb\"},\"inLanguage\":\"sr-RS\",\"potentialAction\":[{\"@type\":\"ReadAction\",\"target\":[\"https:\\\/\\\/www.artoisplastiques.fr\\\/sr\\\/nase-aktivnosti\\\/ured-za-istrazivanje\\\/\"]}]},{\"@type\":\"ImageObject\",\"inLanguage\":\"sr-RS\",\"@id\":\"https:\\\/\\\/www.artoisplastiques.fr\\\/sr\\\/nase-aktivnosti\\\/ured-za-istrazivanje\\\/#primaryimage\",\"url\":\"https:\\\/\\\/www.artoisplastiques.fr\\\/wp-content\\\/uploads\\\/2024\\\/03\\\/artois-footer.jpg\",\"contentUrl\":\"https:\\\/\\\/www.artoisplastiques.fr\\\/wp-content\\\/uploads\\\/2024\\\/03\\\/artois-footer.jpg\",\"width\":315,\"height\":116,\"caption\":\"logo artois plastiques footer\"},{\"@type\":\"BreadcrumbList\",\"@id\":\"https:\\\/\\\/www.artoisplastiques.fr\\\/sr\\\/nase-aktivnosti\\\/ured-za-istrazivanje\\\/#breadcrumb\",\"itemListElement\":[{\"@type\":\"ListItem\",\"position\":1,\"name\":\"Accueil\",\"item\":\"https:\\\/\\\/www.artoisplastiques.fr\\\/sr\\\/\"},{\"@type\":\"ListItem\",\"position\":2,\"name\":\"Na\u0161e aktivnosti\",\"item\":\"https:\\\/\\\/www.artoisplastiques.fr\\\/sr\\\/nase-aktivnosti\\\/\"},{\"@type\":\"ListItem\",\"position\":3,\"name\":\"Ured za istra\u017eivanje\"}]},{\"@type\":\"WebSite\",\"@id\":\"https:\\\/\\\/www.artoisplastiques.fr\\\/sr\\\/#website\",\"url\":\"https:\\\/\\\/www.artoisplastiques.fr\\\/sr\\\/\",\"name\":\"Artois Plastiques\",\"description\":\"ARTOIS PLASTIQUES VOTRE PARTENAIRE POUR LA R\u00c9ALISATION DE PI\u00c8CES EN PLASTIQUES TECHNIQUES\",\"potentialAction\":[{\"@type\":\"SearchAction\",\"target\":{\"@type\":\"EntryPoint\",\"urlTemplate\":\"https:\\\/\\\/www.artoisplastiques.fr\\\/sr\\\/?s={search_term_string}\"},\"query-input\":{\"@type\":\"PropertyValueSpecification\",\"valueRequired\":true,\"valueName\":\"search_term_string\"}}],\"inLanguage\":\"sr-RS\"}]}<\/script>\n<!-- \/ Yoast SEO plugin. -->","yoast_head_json":{"title":"Ured za istra\u017eivanje - Artois Plastiques","robots":{"index":"index","follow":"follow","max-snippet":"max-snippet:-1","max-image-preview":"max-image-preview:large","max-video-preview":"max-video-preview:-1"},"canonical":"https:\/\/www.artoisplastiques.fr\/sr\/nase-aktivnosti\/ured-za-istrazivanje\/","og_locale":"sr_RS","og_type":"article","og_title":"Ured za istra\u017eivanje - Artois Plastiques","og_description":"Ured za istra\u017eivanje U Artois Plastique-u, na\u0161 Ured za istra\u017eivanje (UI) je klju\u010dni oslonac u dizajnu i realizaciji va\u0161ih projekata od plastike i metala. Na\u0161 tim stru\u010dnjaka stavlja vam na raspolaganje svoje tehni\u010dko znanje kako bi vas podr\u017eao u dizajnu, planiranju i preporuci materijala i re\u0161enja koja su najprikladnija za va\u0161e specifi\u010dne potrebe. Tehni\u010dki dizajn [&hellip;]","og_url":"https:\/\/www.artoisplastiques.fr\/sr\/nase-aktivnosti\/ured-za-istrazivanje\/","og_site_name":"Artois Plastiques","article_modified_time":"2024-12-13T08:38:39+00:00","og_image":[{"width":315,"height":116,"url":"https:\/\/www.artoisplastiques.fr\/wp-content\/uploads\/2024\/03\/artois-footer.jpg","type":"image\/jpeg"}],"twitter_card":"summary_large_image","twitter_misc":{"\u041f\u0440\u043e\u0446\u0435\u045a\u0435\u043d\u043e \u0432\u0440\u0435\u043c\u0435 \u0447\u0438\u0442\u0430\u045a\u0430":"2 \u043c\u0438\u043d\u0443\u0442\u0430"},"schema":{"@context":"https:\/\/schema.org","@graph":[{"@type":"WebPage","@id":"https:\/\/www.artoisplastiques.fr\/sr\/nase-aktivnosti\/ured-za-istrazivanje\/","url":"https:\/\/www.artoisplastiques.fr\/sr\/nase-aktivnosti\/ured-za-istrazivanje\/","name":"Ured za istra\u017eivanje - Artois Plastiques","isPartOf":{"@id":"https:\/\/www.artoisplastiques.fr\/sr\/#website"},"primaryImageOfPage":{"@id":"https:\/\/www.artoisplastiques.fr\/sr\/nase-aktivnosti\/ured-za-istrazivanje\/#primaryimage"},"image":{"@id":"https:\/\/www.artoisplastiques.fr\/sr\/nase-aktivnosti\/ured-za-istrazivanje\/#primaryimage"},"thumbnailUrl":"https:\/\/www.artoisplastiques.fr\/wp-content\/uploads\/2024\/03\/artois-footer.jpg","datePublished":"2024-10-23T06:53:00+00:00","dateModified":"2024-12-13T08:38:39+00:00","breadcrumb":{"@id":"https:\/\/www.artoisplastiques.fr\/sr\/nase-aktivnosti\/ured-za-istrazivanje\/#breadcrumb"},"inLanguage":"sr-RS","potentialAction":[{"@type":"ReadAction","target":["https:\/\/www.artoisplastiques.fr\/sr\/nase-aktivnosti\/ured-za-istrazivanje\/"]}]},{"@type":"ImageObject","inLanguage":"sr-RS","@id":"https:\/\/www.artoisplastiques.fr\/sr\/nase-aktivnosti\/ured-za-istrazivanje\/#primaryimage","url":"https:\/\/www.artoisplastiques.fr\/wp-content\/uploads\/2024\/03\/artois-footer.jpg","contentUrl":"https:\/\/www.artoisplastiques.fr\/wp-content\/uploads\/2024\/03\/artois-footer.jpg","width":315,"height":116,"caption":"logo artois plastiques footer"},{"@type":"BreadcrumbList","@id":"https:\/\/www.artoisplastiques.fr\/sr\/nase-aktivnosti\/ured-za-istrazivanje\/#breadcrumb","itemListElement":[{"@type":"ListItem","position":1,"name":"Accueil","item":"https:\/\/www.artoisplastiques.fr\/sr\/"},{"@type":"ListItem","position":2,"name":"Na\u0161e aktivnosti","item":"https:\/\/www.artoisplastiques.fr\/sr\/nase-aktivnosti\/"},{"@type":"ListItem","position":3,"name":"Ured za istra\u017eivanje"}]},{"@type":"WebSite","@id":"https:\/\/www.artoisplastiques.fr\/sr\/#website","url":"https:\/\/www.artoisplastiques.fr\/sr\/","name":"Artois Plastiques","description":"ARTOIS PLASTIQUES VOTRE PARTENAIRE POUR LA R\u00c9ALISATION DE PI\u00c8CES EN PLASTIQUES TECHNIQUES","potentialAction":[{"@type":"SearchAction","target":{"@type":"EntryPoint","urlTemplate":"https:\/\/www.artoisplastiques.fr\/sr\/?s={search_term_string}"},"query-input":{"@type":"PropertyValueSpecification","valueRequired":true,"valueName":"search_term_string"}}],"inLanguage":"sr-RS"}]}},"_links":{"self":[{"href":"https:\/\/www.artoisplastiques.fr\/sr\/wp-json\/wp\/v2\/pages\/3127","targetHints":{"allow":["GET"]}}],"collection":[{"href":"https:\/\/www.artoisplastiques.fr\/sr\/wp-json\/wp\/v2\/pages"}],"about":[{"href":"https:\/\/www.artoisplastiques.fr\/sr\/wp-json\/wp\/v2\/types\/page"}],"author":[{"embeddable":true,"href":"https:\/\/www.artoisplastiques.fr\/sr\/wp-json\/wp\/v2\/users\/1"}],"replies":[{"embeddable":true,"href":"https:\/\/www.artoisplastiques.fr\/sr\/wp-json\/wp\/v2\/comments?post=3127"}],"version-history":[{"count":1,"href":"https:\/\/www.artoisplastiques.fr\/sr\/wp-json\/wp\/v2\/pages\/3127\/revisions"}],"predecessor-version":[{"id":3130,"href":"https:\/\/www.artoisplastiques.fr\/sr\/wp-json\/wp\/v2\/pages\/3127\/revisions\/3130"}],"up":[{"embeddable":true,"href":"https:\/\/www.artoisplastiques.fr\/sr\/wp-json\/wp\/v2\/pages\/3102"}],"wp:featuredmedia":[{"embeddable":true,"href":"https:\/\/www.artoisplastiques.fr\/sr\/wp-json\/wp\/v2\/media\/58"}],"wp:attachment":[{"href":"https:\/\/www.artoisplastiques.fr\/sr\/wp-json\/wp\/v2\/media?parent=3127"}],"curies":[{"name":"wp","href":"https:\/\/api.w.org\/{rel}","templated":true}]}}