{"id":4303,"date":"2026-05-05T11:29:57","date_gmt":"2026-05-05T09:29:57","guid":{"rendered":"https:\/\/www.artoisplastiques.fr\/?page_id=4303"},"modified":"2026-05-05T11:36:50","modified_gmt":"2026-05-05T09:36:50","slug":"kartierung","status":"publish","type":"page","link":"https:\/\/www.artoisplastiques.fr\/de\/startseite\/kartierung\/","title":{"rendered":"Kartierung"},"content":{"rendered":"\t\t<div data-elementor-type=\"wp-page\" data-elementor-id=\"4303\" class=\"elementor elementor-4303 elementor-4302\" data-elementor-post-type=\"page\">\n\t\t\t\t<div class=\"elementor-element elementor-element-ce36247 e-flex e-con-boxed e-con e-parent\" data-id=\"ce36247\" data-element_type=\"container\" data-e-type=\"container\" data-settings=\"{&quot;background_background&quot;:&quot;classic&quot;,&quot;jet_parallax_layout_list&quot;:[]}\">\n\t\t\t\t\t<div class=\"e-con-inner\">\n\t\t\t\t<div class=\"elementor-element elementor-element-0d51a89 elementor-widget elementor-widget-heading\" data-id=\"0d51a89\" data-element_type=\"widget\" data-e-type=\"widget\" data-widget_type=\"heading.default\">\n\t\t\t\t<div class=\"elementor-widget-container\">\n\t\t\t\t\t<h1 class=\"elementor-heading-title elementor-size-default\">Kartierung<\/h1>\t\t\t\t<\/div>\n\t\t\t\t<\/div>\n\t\t\t\t\t<\/div>\n\t\t\t\t<\/div>\n\t\t<div class=\"elementor-element elementor-element-5b506c0 e-flex e-con-boxed e-con e-parent\" data-id=\"5b506c0\" data-element_type=\"container\" data-e-type=\"container\" data-settings=\"{&quot;jet_parallax_layout_list&quot;:[],&quot;background_background&quot;:&quot;classic&quot;}\">\n\t\t\t\t\t<div class=\"e-con-inner\">\n\t\t<div class=\"elementor-element elementor-element-69e72c1 e-con-full e-flex e-con e-child\" data-id=\"69e72c1\" data-element_type=\"container\" data-e-type=\"container\" data-settings=\"{&quot;jet_parallax_layout_list&quot;:[]}\">\n\t\t<div class=\"elementor-element elementor-element-5dbb74d e-con-full e-flex e-con e-child\" data-id=\"5dbb74d\" data-element_type=\"container\" data-e-type=\"container\" data-settings=\"{&quot;jet_parallax_layout_list&quot;:[],&quot;background_background&quot;:&quot;classic&quot;}\">\n\t\t\t\t<\/div>\n\t\t<div class=\"elementor-element elementor-element-e1a6f1a e-con-full e-flex e-con e-child\" data-id=\"e1a6f1a\" data-element_type=\"container\" data-e-type=\"container\" data-settings=\"{&quot;jet_parallax_layout_list&quot;:[]}\">\n\t\t\t\t<div class=\"elementor-element elementor-element-0132cb7 elementor-widget elementor-widget-heading\" data-id=\"0132cb7\" data-element_type=\"widget\" data-e-type=\"widget\" data-widget_type=\"heading.default\">\n\t\t\t\t<div class=\"elementor-widget-container\">\n\t\t\t\t\t<h2 class=\"elementor-heading-title elementor-size-default\">Was ist<br>Carterisation? <\/h2>\t\t\t\t<\/div>\n\t\t\t\t<\/div>\n\t\t\t\t<div class=\"elementor-element elementor-element-d5ef966 elementor-widget elementor-widget-text-editor\" data-id=\"d5ef966\" data-element_type=\"widget\" data-e-type=\"widget\" data-widget_type=\"text-editor.default\">\n\t\t\t\t<div class=\"elementor-widget-container\">\n\t\t\t\t\t\t\t\t\t<p><span style=\"font-weight: 400;\">Die Kartierung ist der Prozess der Herstellung von Kunststoffgeh\u00e4usen, die Umh\u00fcllungen oder Geh\u00e4use sind, um interne Komponenten zu sch\u00fctzen oder die Funktionalit\u00e4t von Maschinen und Ger\u00e4ten zu verbessern. Diese Geh\u00e4use werden h\u00e4ufig f\u00fcr industrielle, mechanische und elektronische Anwendungen verwendet. <\/span><\/p>\n\t\t\t\t\t\t\t\t<\/div>\n\t\t\t\t<\/div>\n\t\t\t\t<\/div>\n\t\t\t\t<\/div>\n\t\t\t\t\t<\/div>\n\t\t\t\t<\/div>\n\t\t<div class=\"elementor-element elementor-element-6e58154 e-flex e-con-boxed e-con e-parent\" data-id=\"6e58154\" data-element_type=\"container\" data-e-type=\"container\" data-settings=\"{&quot;jet_parallax_layout_list&quot;:[],&quot;background_background&quot;:&quot;classic&quot;}\">\n\t\t\t\t\t<div class=\"e-con-inner\">\n\t\t<div class=\"elementor-element elementor-element-7e2dc21 e-con-full e-flex e-con e-child\" data-id=\"7e2dc21\" data-element_type=\"container\" data-e-type=\"container\" data-settings=\"{&quot;jet_parallax_layout_list&quot;:[]}\">\n\t\t<div class=\"elementor-element elementor-element-08ce723 e-con-full e-flex e-con e-child\" data-id=\"08ce723\" data-element_type=\"container\" data-e-type=\"container\" data-settings=\"{&quot;jet_parallax_layout_list&quot;:[]}\">\n\t\t\t\t<div class=\"elementor-element elementor-element-ec834b3 elementor-widget elementor-widget-heading\" data-id=\"ec834b3\" data-element_type=\"widget\" data-e-type=\"widget\" data-widget_type=\"heading.default\">\n\t\t\t\t<div class=\"elementor-widget-container\">\n\t\t\t\t\t<h2 class=\"elementor-heading-title elementor-size-default\">Prozess der Herstellung <\/h2>\t\t\t\t<\/div>\n\t\t\t\t<\/div>\n\t\t\t\t<div class=\"elementor-element elementor-element-4d1ac95 elementor-widget elementor-widget-text-editor\" data-id=\"4d1ac95\" data-element_type=\"widget\" data-e-type=\"widget\" data-widget_type=\"text-editor.default\">\n\t\t\t\t<div class=\"elementor-widget-container\">\n\t\t\t\t\t\t\t\t\t<ol>\n<li style=\"font-weight: 400;\" aria-level=\"1\"><b>Entwurf und Modellierung<\/b><span style=\"font-weight: 400;\"> Wir beginnen mit dem Entwurf des Geh\u00e4uses, indem wir CAD-Software (Computer Aided Design) verwenden, um detaillierte Modelle zu erstellen. In diesem Schritt werden die genauen Abmessungen, die erforderlichen \u00d6ffnungen und die Montagemerkmale ber\u00fccksichtigt. <\/span><\/li>\n<li style=\"font-weight: 400;\" aria-level=\"1\"><b>Herstellung der Komponenten<\/b><span style=\"font-weight: 400;\"> Die Teile des Geh\u00e4uses werden aus Kunststoffen wie Polycarbonat, Nylon oder verst\u00e4rktem Polyester unter Anwendung von Techniken wie Zerspanung, Spritzguss oder Wasserstrahlschneiden hergestellt.<\/span><\/li>\n<li><b>Zusammenbau und Test<\/b><span style=\"font-weight: 400;\"> Die Komponenten des Geh\u00e4uses werden zusammengesetzt und es werden Tests durchgef\u00fchrt, um die Qualit\u00e4t und Funktionalit\u00e4t sicherzustellen. Wir pr\u00fcfen die Passgenauigkeit, die Dichtigkeit und die Widerstandsf\u00e4higkeit gegen die zu erwartenden Nutzungsbedingungen. <\/span><\/li>\n<\/ol>\n\t\t\t\t\t\t\t\t<\/div>\n\t\t\t\t<\/div>\n\t\t\t\t<\/div>\n\t\t<div class=\"elementor-element elementor-element-4489a7c e-con-full e-flex e-con e-child\" data-id=\"4489a7c\" data-element_type=\"container\" data-e-type=\"container\" data-settings=\"{&quot;jet_parallax_layout_list&quot;:[],&quot;background_background&quot;:&quot;classic&quot;}\">\n\t\t\t\t<\/div>\n\t\t\t\t<\/div>\n\t\t\t\t\t<\/div>\n\t\t\t\t<\/div>\n\t\t<div class=\"elementor-element elementor-element-cc530c8 e-flex e-con-boxed e-con e-parent\" data-id=\"cc530c8\" data-element_type=\"container\" data-e-type=\"container\" data-settings=\"{&quot;jet_parallax_layout_list&quot;:[],&quot;background_background&quot;:&quot;classic&quot;}\">\n\t\t\t\t\t<div class=\"e-con-inner\">\n\t\t<div class=\"elementor-element elementor-element-896a451 e-con-full e-flex e-con e-child\" data-id=\"896a451\" data-element_type=\"container\" data-e-type=\"container\" data-settings=\"{&quot;jet_parallax_layout_list&quot;:[]}\">\n\t\t<div class=\"elementor-element elementor-element-7f8c4c7 e-con-full e-flex e-con e-child\" data-id=\"7f8c4c7\" data-element_type=\"container\" data-e-type=\"container\" data-settings=\"{&quot;jet_parallax_layout_list&quot;:[]}\">\n\t\t\t\t<div class=\"elementor-element elementor-element-1594f2a elementor-widget elementor-widget-raven-image\" data-id=\"1594f2a\" data-element_type=\"widget\" data-e-type=\"widget\" data-widget_type=\"raven-image.default\">\n\t\t\t\t<div class=\"elementor-widget-container\">\n\t\t\t\t\t\t\t<div class=\"raven-image\">\n\t\t\n\t\t\n\t\t<img fetchpriority=\"high\" decoding=\"async\" width=\"200\" height=\"300\" src=\"https:\/\/www.artoisplastiques.fr\/wp-content\/uploads\/2024\/11\/23042012151-200x300.jpg\" class=\"attachment-medium size-medium wp-image-2699\" alt=\"Carter en plastique transparent fabriqu\u00e9 sur mesure avec assemblage par vis.\" srcset=\"https:\/\/www.artoisplastiques.fr\/wp-content\/uploads\/2024\/11\/23042012151-200x300.jpg 200w, https:\/\/www.artoisplastiques.fr\/wp-content\/uploads\/2024\/11\/23042012151-683x1024.jpg 683w, https:\/\/www.artoisplastiques.fr\/wp-content\/uploads\/2024\/11\/23042012151-768x1152.jpg 768w, https:\/\/www.artoisplastiques.fr\/wp-content\/uploads\/2024\/11\/23042012151-1024x1536.jpg 1024w, https:\/\/www.artoisplastiques.fr\/wp-content\/uploads\/2024\/11\/23042012151-1365x2048.jpg 1365w, https:\/\/www.artoisplastiques.fr\/wp-content\/uploads\/2024\/11\/23042012151-scaled.jpg 1707w\" sizes=\"(max-width: 200px) 100vw, 200px\" \/>\t\t<\/div>\n\t\t\t\t\t\t<\/div>\n\t\t\t\t<\/div>\n\t\t\t\t<\/div>\n\t\t<div class=\"elementor-element elementor-element-e110ae2 e-con-full e-flex e-con e-child\" data-id=\"e110ae2\" data-element_type=\"container\" data-e-type=\"container\" data-settings=\"{&quot;jet_parallax_layout_list&quot;:[]}\">\n\t\t\t\t<div class=\"elementor-element elementor-element-c42048b elementor-widget elementor-widget-heading\" data-id=\"c42048b\" data-element_type=\"widget\" data-e-type=\"widget\" data-widget_type=\"heading.default\">\n\t\t\t\t<div class=\"elementor-widget-container\">\n\t\t\t\t\t<h2 class=\"elementor-heading-title elementor-size-default\">H\u00e4ufige Anwendungen <\/h2>\t\t\t\t<\/div>\n\t\t\t\t<\/div>\n\t\t\t\t<div class=\"elementor-element elementor-element-132dc86 elementor-widget elementor-widget-text-editor\" data-id=\"132dc86\" data-element_type=\"widget\" data-e-type=\"widget\" data-widget_type=\"text-editor.default\">\n\t\t\t\t<div class=\"elementor-widget-container\">\n\t\t\t\t\t\t\t\t\t<ul>\n<li style=\"font-weight: 400;\" aria-level=\"1\"><b>Elektronische Ger\u00e4te<\/b><span style=\"font-weight: 400;\"> Schutz von empfindlichen elektronischen Komponenten in industriellen Umgebungen.<\/span><\/li>\n<li style=\"font-weight: 400;\" aria-level=\"1\"><b>Industrielle Maschinen<\/b><span style=\"font-weight: 400;\"> Schutzumh\u00fcllungen f\u00fcr Maschinen, die das Risiko von Unf\u00e4llen und Kontamination verringern.<\/span><\/li>\n<li><b>Mechanische Ger\u00e4te<\/b><span style=\"font-weight: 400;\"> Geh\u00e4use f\u00fcr Motoren und andere mechanische Ger\u00e4te, die Schutz vor Tr\u00fcmmern und Umweltbedingungen bieten.<\/span><\/li>\n<\/ul>\n\t\t\t\t\t\t\t\t<\/div>\n\t\t\t\t<\/div>\n\t\t\t\t<\/div>\n\t\t\t\t<\/div>\n\t\t\t\t\t<\/div>\n\t\t\t\t<\/div>\n\t\t<div class=\"elementor-element elementor-element-8a6b3fd e-flex e-con-boxed e-con e-parent\" data-id=\"8a6b3fd\" data-element_type=\"container\" data-e-type=\"container\" data-settings=\"{&quot;jet_parallax_layout_list&quot;:[],&quot;background_background&quot;:&quot;classic&quot;}\">\n\t\t\t\t\t<div class=\"e-con-inner\">\n\t\t<div class=\"elementor-element elementor-element-5b3c705 e-con-full e-flex e-con e-child\" data-id=\"5b3c705\" data-element_type=\"container\" data-e-type=\"container\" data-settings=\"{&quot;jet_parallax_layout_list&quot;:[]}\">\n\t\t\t\t<div class=\"elementor-element elementor-element-dc5cea6 elementor-widget elementor-widget-heading\" data-id=\"dc5cea6\" data-element_type=\"widget\" data-e-type=\"widget\" data-widget_type=\"heading.default\">\n\t\t\t\t<div class=\"elementor-widget-container\">\n\t\t\t\t\t<h2 class=\"elementor-heading-title elementor-size-default\">Vorteile<\/h2>\t\t\t\t<\/div>\n\t\t\t\t<\/div>\n\t\t\t\t<div class=\"elementor-element elementor-element-3286276 elementor-widget elementor-widget-text-editor\" data-id=\"3286276\" data-element_type=\"widget\" data-e-type=\"widget\" data-widget_type=\"text-editor.default\">\n\t\t\t\t<div class=\"elementor-widget-container\">\n\t\t\t\t\t\t\t\t\t<ul>\n<li style=\"font-weight: 400;\" aria-level=\"1\"><b>Schutz<\/b><span style=\"font-weight: 400;\"> Sicherheit: Gew\u00e4hrleistet die Sicherheit und Haltbarkeit der internen Komponenten.<\/span><\/li>\n<li style=\"font-weight: 400;\" aria-level=\"1\"><b>Individuelle Anpassung<\/b><span style=\"font-weight: 400;\"> Ma\u00dfgeschneidertes Design f\u00fcr die perfekte Anpassung an spezifische Bed\u00fcrfnisse.<\/span><\/li>\n<li><b>Dauerhaftigkeit<\/b><span style=\"font-weight: 400;\"> Materialien, die gegen St\u00f6\u00dfe, Chemikalien und Umweltbedingungen best\u00e4ndig sind.<\/span><\/li>\n<\/ul>\n\t\t\t\t\t\t\t\t<\/div>\n\t\t\t\t<\/div>\n\t\t\t\t<\/div>\n\t\t\t\t\t<\/div>\n\t\t\t\t<\/div>\n\t\t<div class=\"elementor-element elementor-element-64812cf e-flex e-con-boxed e-con e-parent\" data-id=\"64812cf\" data-element_type=\"container\" data-e-type=\"container\" data-settings=\"{&quot;background_background&quot;:&quot;classic&quot;,&quot;jet_parallax_layout_list&quot;:[]}\">\n\t\t\t\t\t<div class=\"e-con-inner\">\n\t\t<div class=\"elementor-element elementor-element-d640b1b e-con-full e-flex e-con e-child\" data-id=\"d640b1b\" data-element_type=\"container\" data-e-type=\"container\" data-settings=\"{&quot;jet_parallax_layout_list&quot;:[]}\">\n\t\t\t\t<div class=\"elementor-element elementor-element-146b2f4 elementor-widget elementor-widget-heading\" data-id=\"146b2f4\" data-element_type=\"widget\" data-e-type=\"widget\" data-widget_type=\"heading.default\">\n\t\t\t\t<div class=\"elementor-widget-container\">\n\t\t\t\t\t<h2 class=\"elementor-heading-title elementor-size-default\">Ein Projekt?<\/h2>\t\t\t\t<\/div>\n\t\t\t\t<\/div>\n\t\t\t\t<div class=\"elementor-element elementor-element-ebc85c5 elementor-widget elementor-widget-heading\" data-id=\"ebc85c5\" data-element_type=\"widget\" data-e-type=\"widget\" data-widget_type=\"heading.default\">\n\t\t\t\t<div class=\"elementor-widget-container\">\n\t\t\t\t\t<span class=\"elementor-heading-title elementor-size-default\">Unsere Techniker beantworten gerne Ihre Fragen.<\/span>\t\t\t\t<\/div>\n\t\t\t\t<\/div>\n\t\t\t\t<\/div>\n\t\t<div class=\"elementor-element elementor-element-8e0872e e-con-full e-flex e-con e-child\" data-id=\"8e0872e\" data-element_type=\"container\" data-e-type=\"container\" data-settings=\"{&quot;jet_parallax_layout_list&quot;:[]}\">\n\t\t\t\t<div class=\"elementor-element elementor-element-c2ca934 contact-btn elementor-widget elementor-widget-raven-image\" data-id=\"c2ca934\" data-element_type=\"widget\" data-e-type=\"widget\" data-widget_type=\"raven-image.default\">\n\t\t\t\t<div class=\"elementor-widget-container\">\n\t\t\t\t\t\t\t<div class=\"raven-image\">\n\t\t\n\t\t\n\t\t<img decoding=\"async\" width=\"1000\" height=\"148\" src=\"https:\/\/www.artoisplastiques.fr\/wp-content\/uploads\/2024\/12\/contact-button-de.png\" class=\"attachment-full size-full wp-image-2656\" alt=\"\" srcset=\"https:\/\/www.artoisplastiques.fr\/wp-content\/uploads\/2024\/12\/contact-button-de.png 1000w, https:\/\/www.artoisplastiques.fr\/wp-content\/uploads\/2024\/12\/contact-button-de-300x44.png 300w, https:\/\/www.artoisplastiques.fr\/wp-content\/uploads\/2024\/12\/contact-button-de-768x114.png 768w\" sizes=\"(max-width: 1000px) 100vw, 1000px\" \/>\t\t<\/div>\n\t\t\t\t\t\t<\/div>\n\t\t\t\t<\/div>\n\t\t\t\t<\/div>\n\t\t\t\t\t<\/div>\n\t\t\t\t<\/div>\n\t\t\t\t<\/div>\n\t\t","protected":false},"excerpt":{"rendered":"<p>Kartierung Was istCarterisation? Die Kartierung ist der Prozess der Herstellung von Kunststoffgeh\u00e4usen, die Umh\u00fcllungen oder Geh\u00e4use sind, um interne Komponenten zu sch\u00fctzen oder die Funktionalit\u00e4t von Maschinen und Ger\u00e4ten zu verbessern. Diese Geh\u00e4use werden h\u00e4ufig f\u00fcr industrielle, mechanische und elektronische Anwendungen verwendet. Prozess der Herstellung Entwurf und Modellierung Wir beginnen mit dem Entwurf des Geh\u00e4uses, [&hellip;]<\/p>\n","protected":false},"author":2,"featured_media":58,"parent":2618,"menu_order":0,"comment_status":"closed","ping_status":"closed","template":"","meta":{"_acf_changed":false,"iawp_total_views":7,"footnotes":""},"class_list":["post-4303","page","type-page","status-publish","has-post-thumbnail","hentry"],"acf":[],"yoast_head":"<!-- This site is optimized with the Yoast SEO plugin v27.5 - https:\/\/yoast.com\/product\/yoast-seo-wordpress\/ -->\n<title>Kartierung - Artois Plastiques<\/title>\n<meta name=\"robots\" content=\"index, follow, max-snippet:-1, max-image-preview:large, max-video-preview:-1\" \/>\n<link rel=\"canonical\" href=\"https:\/\/www.artoisplastiques.fr\/de\/startseite\/kartierung\/\" \/>\n<meta property=\"og:locale\" content=\"de_DE\" \/>\n<meta property=\"og:type\" content=\"article\" \/>\n<meta property=\"og:title\" content=\"Kartierung - Artois Plastiques\" \/>\n<meta property=\"og:description\" content=\"Kartierung Was istCarterisation? Die Kartierung ist der Prozess der Herstellung von Kunststoffgeh\u00e4usen, die Umh\u00fcllungen oder Geh\u00e4use sind, um interne Komponenten zu sch\u00fctzen oder die Funktionalit\u00e4t von Maschinen und Ger\u00e4ten zu verbessern. Diese Geh\u00e4use werden h\u00e4ufig f\u00fcr industrielle, mechanische und elektronische Anwendungen verwendet. Prozess der Herstellung Entwurf und Modellierung Wir beginnen mit dem Entwurf des Geh\u00e4uses, [&hellip;]\" \/>\n<meta property=\"og:url\" content=\"https:\/\/www.artoisplastiques.fr\/de\/startseite\/kartierung\/\" \/>\n<meta property=\"og:site_name\" content=\"Artois Plastiques\" \/>\n<meta property=\"article:modified_time\" content=\"2026-05-05T09:36:50+00:00\" \/>\n<meta property=\"og:image\" content=\"https:\/\/www.artoisplastiques.fr\/wp-content\/uploads\/2024\/03\/artois-footer.jpg\" \/>\n\t<meta property=\"og:image:width\" content=\"315\" \/>\n\t<meta property=\"og:image:height\" content=\"116\" \/>\n\t<meta property=\"og:image:type\" content=\"image\/jpeg\" \/>\n<meta name=\"twitter:card\" content=\"summary_large_image\" \/>\n<meta name=\"twitter:label1\" content=\"Gesch\u00e4tzte Lesezeit\" \/>\n\t<meta name=\"twitter:data1\" content=\"2\u00a0Minuten\" \/>\n<script type=\"application\/ld+json\" class=\"yoast-schema-graph\">{\"@context\":\"https:\\\/\\\/schema.org\",\"@graph\":[{\"@type\":\"WebPage\",\"@id\":\"https:\\\/\\\/www.artoisplastiques.fr\\\/de\\\/startseite\\\/kartierung\\\/\",\"url\":\"https:\\\/\\\/www.artoisplastiques.fr\\\/de\\\/startseite\\\/kartierung\\\/\",\"name\":\"Kartierung - Artois Plastiques\",\"isPartOf\":{\"@id\":\"https:\\\/\\\/www.artoisplastiques.fr\\\/de\\\/#website\"},\"primaryImageOfPage\":{\"@id\":\"https:\\\/\\\/www.artoisplastiques.fr\\\/de\\\/startseite\\\/kartierung\\\/#primaryimage\"},\"image\":{\"@id\":\"https:\\\/\\\/www.artoisplastiques.fr\\\/de\\\/startseite\\\/kartierung\\\/#primaryimage\"},\"thumbnailUrl\":\"https:\\\/\\\/www.artoisplastiques.fr\\\/wp-content\\\/uploads\\\/2024\\\/03\\\/artois-footer.jpg\",\"datePublished\":\"2026-05-05T09:29:57+00:00\",\"dateModified\":\"2026-05-05T09:36:50+00:00\",\"breadcrumb\":{\"@id\":\"https:\\\/\\\/www.artoisplastiques.fr\\\/de\\\/startseite\\\/kartierung\\\/#breadcrumb\"},\"inLanguage\":\"de\",\"potentialAction\":[{\"@type\":\"ReadAction\",\"target\":[\"https:\\\/\\\/www.artoisplastiques.fr\\\/de\\\/startseite\\\/kartierung\\\/\"]}]},{\"@type\":\"ImageObject\",\"inLanguage\":\"de\",\"@id\":\"https:\\\/\\\/www.artoisplastiques.fr\\\/de\\\/startseite\\\/kartierung\\\/#primaryimage\",\"url\":\"https:\\\/\\\/www.artoisplastiques.fr\\\/wp-content\\\/uploads\\\/2024\\\/03\\\/artois-footer.jpg\",\"contentUrl\":\"https:\\\/\\\/www.artoisplastiques.fr\\\/wp-content\\\/uploads\\\/2024\\\/03\\\/artois-footer.jpg\",\"width\":315,\"height\":116,\"caption\":\"logo artois plastiques footer\"},{\"@type\":\"BreadcrumbList\",\"@id\":\"https:\\\/\\\/www.artoisplastiques.fr\\\/de\\\/startseite\\\/kartierung\\\/#breadcrumb\",\"itemListElement\":[{\"@type\":\"ListItem\",\"position\":1,\"name\":\"Accueil\",\"item\":\"https:\\\/\\\/www.artoisplastiques.fr\\\/de\\\/\"},{\"@type\":\"ListItem\",\"position\":2,\"name\":\"Zerspanung technischer Kunststoffteile\",\"item\":\"https:\\\/\\\/www.artoisplastiques.fr\\\/de\\\/\"},{\"@type\":\"ListItem\",\"position\":3,\"name\":\"Kartierung\"}]},{\"@type\":\"WebSite\",\"@id\":\"https:\\\/\\\/www.artoisplastiques.fr\\\/de\\\/#website\",\"url\":\"https:\\\/\\\/www.artoisplastiques.fr\\\/de\\\/\",\"name\":\"Artois Plastiques\",\"description\":\"ARTOIS PLASTIQUES VOTRE PARTENAIRE POUR LA R\u00c9ALISATION DE PI\u00c8CES EN PLASTIQUES TECHNIQUES\",\"potentialAction\":[{\"@type\":\"SearchAction\",\"target\":{\"@type\":\"EntryPoint\",\"urlTemplate\":\"https:\\\/\\\/www.artoisplastiques.fr\\\/de\\\/?s={search_term_string}\"},\"query-input\":{\"@type\":\"PropertyValueSpecification\",\"valueRequired\":true,\"valueName\":\"search_term_string\"}}],\"inLanguage\":\"de\"}]}<\/script>\n<!-- \/ Yoast SEO plugin. -->","yoast_head_json":{"title":"Kartierung - Artois Plastiques","robots":{"index":"index","follow":"follow","max-snippet":"max-snippet:-1","max-image-preview":"max-image-preview:large","max-video-preview":"max-video-preview:-1"},"canonical":"https:\/\/www.artoisplastiques.fr\/de\/startseite\/kartierung\/","og_locale":"de_DE","og_type":"article","og_title":"Kartierung - Artois Plastiques","og_description":"Kartierung Was istCarterisation? Die Kartierung ist der Prozess der Herstellung von Kunststoffgeh\u00e4usen, die Umh\u00fcllungen oder Geh\u00e4use sind, um interne Komponenten zu sch\u00fctzen oder die Funktionalit\u00e4t von Maschinen und Ger\u00e4ten zu verbessern. Diese Geh\u00e4use werden h\u00e4ufig f\u00fcr industrielle, mechanische und elektronische Anwendungen verwendet. Prozess der Herstellung Entwurf und Modellierung Wir beginnen mit dem Entwurf des Geh\u00e4uses, [&hellip;]","og_url":"https:\/\/www.artoisplastiques.fr\/de\/startseite\/kartierung\/","og_site_name":"Artois Plastiques","article_modified_time":"2026-05-05T09:36:50+00:00","og_image":[{"width":315,"height":116,"url":"https:\/\/www.artoisplastiques.fr\/wp-content\/uploads\/2024\/03\/artois-footer.jpg","type":"image\/jpeg"}],"twitter_card":"summary_large_image","twitter_misc":{"Gesch\u00e4tzte Lesezeit":"2\u00a0Minuten"},"schema":{"@context":"https:\/\/schema.org","@graph":[{"@type":"WebPage","@id":"https:\/\/www.artoisplastiques.fr\/de\/startseite\/kartierung\/","url":"https:\/\/www.artoisplastiques.fr\/de\/startseite\/kartierung\/","name":"Kartierung - Artois Plastiques","isPartOf":{"@id":"https:\/\/www.artoisplastiques.fr\/de\/#website"},"primaryImageOfPage":{"@id":"https:\/\/www.artoisplastiques.fr\/de\/startseite\/kartierung\/#primaryimage"},"image":{"@id":"https:\/\/www.artoisplastiques.fr\/de\/startseite\/kartierung\/#primaryimage"},"thumbnailUrl":"https:\/\/www.artoisplastiques.fr\/wp-content\/uploads\/2024\/03\/artois-footer.jpg","datePublished":"2026-05-05T09:29:57+00:00","dateModified":"2026-05-05T09:36:50+00:00","breadcrumb":{"@id":"https:\/\/www.artoisplastiques.fr\/de\/startseite\/kartierung\/#breadcrumb"},"inLanguage":"de","potentialAction":[{"@type":"ReadAction","target":["https:\/\/www.artoisplastiques.fr\/de\/startseite\/kartierung\/"]}]},{"@type":"ImageObject","inLanguage":"de","@id":"https:\/\/www.artoisplastiques.fr\/de\/startseite\/kartierung\/#primaryimage","url":"https:\/\/www.artoisplastiques.fr\/wp-content\/uploads\/2024\/03\/artois-footer.jpg","contentUrl":"https:\/\/www.artoisplastiques.fr\/wp-content\/uploads\/2024\/03\/artois-footer.jpg","width":315,"height":116,"caption":"logo artois plastiques footer"},{"@type":"BreadcrumbList","@id":"https:\/\/www.artoisplastiques.fr\/de\/startseite\/kartierung\/#breadcrumb","itemListElement":[{"@type":"ListItem","position":1,"name":"Accueil","item":"https:\/\/www.artoisplastiques.fr\/de\/"},{"@type":"ListItem","position":2,"name":"Zerspanung technischer Kunststoffteile","item":"https:\/\/www.artoisplastiques.fr\/de\/"},{"@type":"ListItem","position":3,"name":"Kartierung"}]},{"@type":"WebSite","@id":"https:\/\/www.artoisplastiques.fr\/de\/#website","url":"https:\/\/www.artoisplastiques.fr\/de\/","name":"Artois Plastiques","description":"ARTOIS PLASTIQUES VOTRE PARTENAIRE POUR LA R\u00c9ALISATION DE PI\u00c8CES EN PLASTIQUES TECHNIQUES","potentialAction":[{"@type":"SearchAction","target":{"@type":"EntryPoint","urlTemplate":"https:\/\/www.artoisplastiques.fr\/de\/?s={search_term_string}"},"query-input":{"@type":"PropertyValueSpecification","valueRequired":true,"valueName":"search_term_string"}}],"inLanguage":"de"}]}},"_links":{"self":[{"href":"https:\/\/www.artoisplastiques.fr\/de\/wp-json\/wp\/v2\/pages\/4303","targetHints":{"allow":["GET"]}}],"collection":[{"href":"https:\/\/www.artoisplastiques.fr\/de\/wp-json\/wp\/v2\/pages"}],"about":[{"href":"https:\/\/www.artoisplastiques.fr\/de\/wp-json\/wp\/v2\/types\/page"}],"author":[{"embeddable":true,"href":"https:\/\/www.artoisplastiques.fr\/de\/wp-json\/wp\/v2\/users\/2"}],"replies":[{"embeddable":true,"href":"https:\/\/www.artoisplastiques.fr\/de\/wp-json\/wp\/v2\/comments?post=4303"}],"version-history":[{"count":1,"href":"https:\/\/www.artoisplastiques.fr\/de\/wp-json\/wp\/v2\/pages\/4303\/revisions"}],"predecessor-version":[{"id":4405,"href":"https:\/\/www.artoisplastiques.fr\/de\/wp-json\/wp\/v2\/pages\/4303\/revisions\/4405"}],"up":[{"embeddable":true,"href":"https:\/\/www.artoisplastiques.fr\/de\/wp-json\/wp\/v2\/pages\/2618"}],"wp:featuredmedia":[{"embeddable":true,"href":"https:\/\/www.artoisplastiques.fr\/de\/wp-json\/wp\/v2\/media\/58"}],"wp:attachment":[{"href":"https:\/\/www.artoisplastiques.fr\/de\/wp-json\/wp\/v2\/media?parent=4303"}],"curies":[{"name":"wp","href":"https:\/\/api.w.org\/{rel}","templated":true}]}}