{"id":2908,"date":"2024-03-13T14:50:24","date_gmt":"2024-03-13T13:50:24","guid":{"rendered":"https:\/\/www.artoisplastiques.fr\/rechtliche-hinweise\/"},"modified":"2024-12-11T14:23:12","modified_gmt":"2024-12-11T13:23:12","slug":"rechtliche-hinweise","status":"publish","type":"page","link":"https:\/\/www.artoisplastiques.fr\/de\/rechtliche-hinweise\/","title":{"rendered":"Rechtliche Hinweise"},"content":{"rendered":"\t\t<div data-elementor-type=\"wp-page\" data-elementor-id=\"2908\" class=\"elementor elementor-2908 elementor-44\" data-elementor-post-type=\"page\">\n\t\t\t\t<div class=\"elementor-element elementor-element-2e1745b e-flex e-con-boxed e-con e-parent\" data-id=\"2e1745b\" data-element_type=\"container\" data-e-type=\"container\" data-settings=\"{&quot;background_background&quot;:&quot;classic&quot;,&quot;jet_parallax_layout_list&quot;:[]}\">\n\t\t\t\t\t<div class=\"e-con-inner\">\n\t\t<div class=\"elementor-element elementor-element-2670ddd e-con-full e-flex e-con e-child\" data-id=\"2670ddd\" data-element_type=\"container\" data-e-type=\"container\" data-settings=\"{&quot;jet_parallax_layout_list&quot;:[]}\">\n\t\t\t\t<div class=\"elementor-element elementor-element-0491841 elementor-view-default elementor-widget elementor-widget-icon\" data-id=\"0491841\" data-element_type=\"widget\" data-e-type=\"widget\" data-widget_type=\"icon.default\">\n\t\t\t\t<div class=\"elementor-widget-container\">\n\t\t\t\t\t\t\t<div class=\"elementor-icon-wrapper\">\n\t\t\t<div class=\"elementor-icon\">\n\t\t\t<svg aria-hidden=\"true\" class=\"e-font-icon-svg e-fas-square-full\" viewBox=\"0 0 512 512\" xmlns=\"http:\/\/www.w3.org\/2000\/svg\"><path d=\"M512 512H0V0h512v512z\"><\/path><\/svg>\t\t\t<\/div>\n\t\t<\/div>\n\t\t\t\t\t\t<\/div>\n\t\t\t\t<\/div>\n\t\t\t\t<div class=\"elementor-element elementor-element-6dea509 elementor-widget elementor-widget-heading\" data-id=\"6dea509\" data-element_type=\"widget\" data-e-type=\"widget\" data-widget_type=\"heading.default\">\n\t\t\t\t<div class=\"elementor-widget-container\">\n\t\t\t\t\t<h4 class=\"elementor-heading-title elementor-size-default\">Rechtliche Hinweise \/ Credits<\/h4>\t\t\t\t<\/div>\n\t\t\t\t<\/div>\n\t\t\t\t<\/div>\n\t\t\t\t\t<\/div>\n\t\t\t\t<\/div>\n\t\t<div class=\"elementor-element elementor-element-6a6ee0e e-flex e-con-boxed e-con e-parent\" data-id=\"6a6ee0e\" data-element_type=\"container\" data-e-type=\"container\" data-settings=\"{&quot;jet_parallax_layout_list&quot;:[]}\">\n\t\t\t\t\t<div class=\"e-con-inner\">\n\t\t\t\t<div class=\"elementor-element elementor-element-7a0a1a8 elementor-widget elementor-widget-text-editor\" data-id=\"7a0a1a8\" data-element_type=\"widget\" data-e-type=\"widget\" data-widget_type=\"text-editor.default\">\n\t\t\t\t<div class=\"elementor-widget-container\">\n\t\t\t\t\t\t\t\t\t<p>Um die Freiheiten eines jeden Einzelnen besser zu respektieren, h\u00e4lt sich www.artoisplastiques.fr an die folgenden Bestimmungen:<\/p>\n\t\t\t\t\t\t\t\t<\/div>\n\t\t\t\t<\/div>\n\t\t\t\t<div class=\"elementor-element elementor-element-ba69280 elementor-widget elementor-widget-text-editor\" data-id=\"ba69280\" data-element_type=\"widget\" data-e-type=\"widget\" data-widget_type=\"text-editor.default\">\n\t\t\t\t<div class=\"elementor-widget-container\">\n\t\t\t\t\t\t\t\t\t<p><strong><span style=\"color: #177600;\">Gesetz vom 6. Januar 1978 \u00fcber Informatik und Freiheitsrechte :<\/span><\/strong><\/p>\n<p>Gem\u00e4\u00df dem Gesetz Nr. 78-17 vom 6. Januar 1978 k\u00f6nnen Sie jederzeit auf die Sie betreffenden und gespeicherten pers\u00f6nlichen Informationen zugreifen und deren \u00c4nderung oder L\u00f6schung beantragen, indem Sie eine E-Mail an ap@artoisplastiques.fr senden.<\/p>\n\t\t\t\t\t\t\t\t<\/div>\n\t\t\t\t<\/div>\n\t\t\t\t<div class=\"elementor-element elementor-element-fbaf70a elementor-widget elementor-widget-text-editor\" data-id=\"fbaf70a\" data-element_type=\"widget\" data-e-type=\"widget\" data-widget_type=\"text-editor.default\">\n\t\t\t\t<div class=\"elementor-widget-container\">\n\t\t\t\t\t\t\t\t\t<p><strong><span style=\"color: #177600;\">Gesetz vom 1. August 2000 \u00fcber die Kommunikationsfreiheit :<\/span><\/strong><\/p>\n<p>Diese Seite wird von der Firma Audace herausgegeben.<\/p>\n<p>65 rue de Glasgow<\/p>\n<p>Parc d&#8217;activit\u00e9 Artois-Flandres<\/p>\n<p>62138 DOUVRIN<\/p>\n<p>France<\/p>\n\t\t\t\t\t\t\t\t<\/div>\n\t\t\t\t<\/div>\n\t\t\t\t<div class=\"elementor-element elementor-element-e8b709c elementor-widget elementor-widget-text-editor\" data-id=\"e8b709c\" data-element_type=\"widget\" data-e-type=\"widget\" data-widget_type=\"text-editor.default\">\n\t\t\t\t<div class=\"elementor-widget-container\">\n\t\t\t\t\t\t\t\t\t<p><strong><span style=\"color: #177600;\">Redaktionelle Verantwortung :<\/span><\/strong><\/p>\n<p>M. J\u00e9r\u00f4me Lobel<\/p>\n\t\t\t\t\t\t\t\t<\/div>\n\t\t\t\t<\/div>\n\t\t\t\t<div class=\"elementor-element elementor-element-231b62b elementor-widget elementor-widget-text-editor\" data-id=\"231b62b\" data-element_type=\"widget\" data-e-type=\"widget\" data-widget_type=\"text-editor.default\">\n\t\t\t\t<div class=\"elementor-widget-container\">\n\t\t\t\t\t\t\t\t\t<p><strong><span style=\"color: #177600;\">Unterbringung :<\/span><\/strong><\/p>\n<p>Das Hosting der Website erfolgt durch die Firma OVH<\/p>\n<p>SAS mit einem Kapital von 10.000.000 \u20ac<\/p>\n<p>RCS Roubaix \u2013 Tourcoing 424 761 419 00045<\/p>\n<p>Code APE 6202A<\/p>\n<p>N\u00b0 TVA : FR 22 424 761 419<\/p>\n<p>Hauptsitz: 2 rue Kellermann &#8211; 59100 Roubaix &#8211; Frankreich.<\/p>\n\t\t\t\t\t\t\t\t<\/div>\n\t\t\t\t<\/div>\n\t\t\t\t<div class=\"elementor-element elementor-element-7c129e9 elementor-widget elementor-widget-text-editor\" data-id=\"7c129e9\" data-element_type=\"widget\" data-e-type=\"widget\" data-widget_type=\"text-editor.default\">\n\t\t\t\t<div class=\"elementor-widget-container\">\n\t\t\t\t\t\t\t\t\t<p><strong><span style=\"color: #177600;\">Sammlung von Informationen mit namentlichem Charakter :<\/span><\/strong><\/p>\n<p>Gem\u00e4\u00df dem Gesetz \u00fcber Informatik und Freiheiten vom 6. Januar 1978 informieren wir Sie, dass die von Internetnutzern \u00fcber ein Formular oder auf andere Weise gesammelten namentlichen Daten unter keinen Umst\u00e4nden kostenlos oder entgeltlich an Dritte, nat\u00fcrliche oder juristische Personen, weitergegeben werden d\u00fcrfen. Rechtsinhaberschaft: Alle Elemente dieser Website sind Eigentum der Herausgeber dieser Website, mit Ausnahme der Elemente, die von Partnern stammen. Der Schutz der Website www.artoisplastiques.fr unterliegt daher den nationalen und internationalen Gesetzen zum Schutz des geistigen Eigentums. Daher ist jede Vervielf\u00e4ltigung und\/oder Darstellung und\/oder Weiterverbreitung, ganz oder teilweise, auf jedem elektronischen oder nicht elektronischen Tr\u00e4ger, gegenw\u00e4rtig oder zuk\u00fcnftig, ohne ausdr\u00fcckliche und vorherige Genehmigung untersagt.<\/p>\n\t\t\t\t\t\t\t\t<\/div>\n\t\t\t\t<\/div>\n\t\t\t\t<div class=\"elementor-element elementor-element-0ea3024 elementor-widget elementor-widget-text-editor\" data-id=\"0ea3024\" data-element_type=\"widget\" data-e-type=\"widget\" data-widget_type=\"text-editor.default\">\n\t\t\t\t<div class=\"elementor-widget-container\">\n\t\t\t\t\t\t\t\t\t<p><strong><span style=\"color: #177600;\">Hyperlinks :<\/span><\/strong><\/p>\n<p>Artois Plastics erlaubt jeder Website oder jedem anderen Medium, die Website zu zitieren oder einen Hypertext-Link einzurichten, der auf die Adresse www.artois-plastiques.fr verweist.<\/p>\n\t\t\t\t\t\t\t\t<\/div>\n\t\t\t\t<\/div>\n\t\t\t\t\t<\/div>\n\t\t\t\t<\/div>\n\t\t\t\t<\/div>\n\t\t","protected":false},"excerpt":{"rendered":"<p>Rechtliche Hinweise \/ Credits Um die Freiheiten eines jeden Einzelnen besser zu respektieren, h\u00e4lt sich www.artoisplastiques.fr an die folgenden Bestimmungen: Gesetz vom 6. Januar 1978 \u00fcber Informatik und Freiheitsrechte : Gem\u00e4\u00df dem Gesetz Nr. 78-17 vom 6. Januar 1978 k\u00f6nnen Sie jederzeit auf die Sie betreffenden und gespeicherten pers\u00f6nlichen Informationen zugreifen und deren \u00c4nderung oder [&hellip;]<\/p>\n","protected":false},"author":1,"featured_media":58,"parent":0,"menu_order":0,"comment_status":"closed","ping_status":"closed","template":"","meta":{"_acf_changed":false,"iawp_total_views":14,"footnotes":""},"class_list":["post-2908","page","type-page","status-publish","has-post-thumbnail","hentry"],"acf":[],"yoast_head":"<!-- This site is optimized with the Yoast SEO plugin v27.4 - https:\/\/yoast.com\/product\/yoast-seo-wordpress\/ -->\n<title>Rechtliche Hinweise - Artois Plastiques<\/title>\n<meta name=\"robots\" content=\"index, follow, max-snippet:-1, max-image-preview:large, max-video-preview:-1\" \/>\n<link rel=\"canonical\" href=\"https:\/\/www.artoisplastiques.fr\/de\/rechtliche-hinweise\/\" \/>\n<meta property=\"og:locale\" content=\"de_DE\" \/>\n<meta property=\"og:type\" content=\"article\" \/>\n<meta property=\"og:title\" content=\"Rechtliche Hinweise - Artois Plastiques\" \/>\n<meta property=\"og:description\" content=\"Rechtliche Hinweise \/ Credits Um die Freiheiten eines jeden Einzelnen besser zu respektieren, h\u00e4lt sich www.artoisplastiques.fr an die folgenden Bestimmungen: Gesetz vom 6. Januar 1978 \u00fcber Informatik und Freiheitsrechte : Gem\u00e4\u00df dem Gesetz Nr. 78-17 vom 6. Januar 1978 k\u00f6nnen Sie jederzeit auf die Sie betreffenden und gespeicherten pers\u00f6nlichen Informationen zugreifen und deren \u00c4nderung oder [&hellip;]\" \/>\n<meta property=\"og:url\" content=\"https:\/\/www.artoisplastiques.fr\/de\/rechtliche-hinweise\/\" \/>\n<meta property=\"og:site_name\" content=\"Artois Plastiques\" \/>\n<meta property=\"article:modified_time\" content=\"2024-12-11T13:23:12+00:00\" \/>\n<meta property=\"og:image\" content=\"https:\/\/www.artoisplastiques.fr\/wp-content\/uploads\/2024\/03\/artois-footer.jpg\" \/>\n\t<meta property=\"og:image:width\" content=\"315\" \/>\n\t<meta property=\"og:image:height\" content=\"116\" \/>\n\t<meta property=\"og:image:type\" content=\"image\/jpeg\" \/>\n<meta name=\"twitter:card\" content=\"summary_large_image\" \/>\n<meta name=\"twitter:label1\" content=\"Gesch\u00e4tzte Lesezeit\" \/>\n\t<meta name=\"twitter:data1\" content=\"1\u00a0Minute\" \/>\n<script type=\"application\/ld+json\" class=\"yoast-schema-graph\">{\"@context\":\"https:\\\/\\\/schema.org\",\"@graph\":[{\"@type\":\"WebPage\",\"@id\":\"https:\\\/\\\/www.artoisplastiques.fr\\\/de\\\/rechtliche-hinweise\\\/\",\"url\":\"https:\\\/\\\/www.artoisplastiques.fr\\\/de\\\/rechtliche-hinweise\\\/\",\"name\":\"Rechtliche Hinweise - Artois Plastiques\",\"isPartOf\":{\"@id\":\"https:\\\/\\\/www.artoisplastiques.fr\\\/de\\\/#website\"},\"primaryImageOfPage\":{\"@id\":\"https:\\\/\\\/www.artoisplastiques.fr\\\/de\\\/rechtliche-hinweise\\\/#primaryimage\"},\"image\":{\"@id\":\"https:\\\/\\\/www.artoisplastiques.fr\\\/de\\\/rechtliche-hinweise\\\/#primaryimage\"},\"thumbnailUrl\":\"https:\\\/\\\/www.artoisplastiques.fr\\\/wp-content\\\/uploads\\\/2024\\\/03\\\/artois-footer.jpg\",\"datePublished\":\"2024-03-13T13:50:24+00:00\",\"dateModified\":\"2024-12-11T13:23:12+00:00\",\"breadcrumb\":{\"@id\":\"https:\\\/\\\/www.artoisplastiques.fr\\\/de\\\/rechtliche-hinweise\\\/#breadcrumb\"},\"inLanguage\":\"de\",\"potentialAction\":[{\"@type\":\"ReadAction\",\"target\":[\"https:\\\/\\\/www.artoisplastiques.fr\\\/de\\\/rechtliche-hinweise\\\/\"]}]},{\"@type\":\"ImageObject\",\"inLanguage\":\"de\",\"@id\":\"https:\\\/\\\/www.artoisplastiques.fr\\\/de\\\/rechtliche-hinweise\\\/#primaryimage\",\"url\":\"https:\\\/\\\/www.artoisplastiques.fr\\\/wp-content\\\/uploads\\\/2024\\\/03\\\/artois-footer.jpg\",\"contentUrl\":\"https:\\\/\\\/www.artoisplastiques.fr\\\/wp-content\\\/uploads\\\/2024\\\/03\\\/artois-footer.jpg\",\"width\":315,\"height\":116,\"caption\":\"logo artois plastiques footer\"},{\"@type\":\"BreadcrumbList\",\"@id\":\"https:\\\/\\\/www.artoisplastiques.fr\\\/de\\\/rechtliche-hinweise\\\/#breadcrumb\",\"itemListElement\":[{\"@type\":\"ListItem\",\"position\":1,\"name\":\"Accueil\",\"item\":\"https:\\\/\\\/www.artoisplastiques.fr\\\/de\\\/\"},{\"@type\":\"ListItem\",\"position\":2,\"name\":\"Rechtliche Hinweise\"}]},{\"@type\":\"WebSite\",\"@id\":\"https:\\\/\\\/www.artoisplastiques.fr\\\/de\\\/#website\",\"url\":\"https:\\\/\\\/www.artoisplastiques.fr\\\/de\\\/\",\"name\":\"Artois Plastiques\",\"description\":\"ARTOIS PLASTIQUES VOTRE PARTENAIRE POUR LA R\u00c9ALISATION DE PI\u00c8CES EN PLASTIQUES TECHNIQUES\",\"potentialAction\":[{\"@type\":\"SearchAction\",\"target\":{\"@type\":\"EntryPoint\",\"urlTemplate\":\"https:\\\/\\\/www.artoisplastiques.fr\\\/de\\\/?s={search_term_string}\"},\"query-input\":{\"@type\":\"PropertyValueSpecification\",\"valueRequired\":true,\"valueName\":\"search_term_string\"}}],\"inLanguage\":\"de\"}]}<\/script>\n<!-- \/ Yoast SEO plugin. -->","yoast_head_json":{"title":"Rechtliche Hinweise - Artois Plastiques","robots":{"index":"index","follow":"follow","max-snippet":"max-snippet:-1","max-image-preview":"max-image-preview:large","max-video-preview":"max-video-preview:-1"},"canonical":"https:\/\/www.artoisplastiques.fr\/de\/rechtliche-hinweise\/","og_locale":"de_DE","og_type":"article","og_title":"Rechtliche Hinweise - Artois Plastiques","og_description":"Rechtliche Hinweise \/ Credits Um die Freiheiten eines jeden Einzelnen besser zu respektieren, h\u00e4lt sich www.artoisplastiques.fr an die folgenden Bestimmungen: Gesetz vom 6. Januar 1978 \u00fcber Informatik und Freiheitsrechte : Gem\u00e4\u00df dem Gesetz Nr. 78-17 vom 6. Januar 1978 k\u00f6nnen Sie jederzeit auf die Sie betreffenden und gespeicherten pers\u00f6nlichen Informationen zugreifen und deren \u00c4nderung oder [&hellip;]","og_url":"https:\/\/www.artoisplastiques.fr\/de\/rechtliche-hinweise\/","og_site_name":"Artois Plastiques","article_modified_time":"2024-12-11T13:23:12+00:00","og_image":[{"width":315,"height":116,"url":"https:\/\/www.artoisplastiques.fr\/wp-content\/uploads\/2024\/03\/artois-footer.jpg","type":"image\/jpeg"}],"twitter_card":"summary_large_image","twitter_misc":{"Gesch\u00e4tzte Lesezeit":"1\u00a0Minute"},"schema":{"@context":"https:\/\/schema.org","@graph":[{"@type":"WebPage","@id":"https:\/\/www.artoisplastiques.fr\/de\/rechtliche-hinweise\/","url":"https:\/\/www.artoisplastiques.fr\/de\/rechtliche-hinweise\/","name":"Rechtliche Hinweise - Artois Plastiques","isPartOf":{"@id":"https:\/\/www.artoisplastiques.fr\/de\/#website"},"primaryImageOfPage":{"@id":"https:\/\/www.artoisplastiques.fr\/de\/rechtliche-hinweise\/#primaryimage"},"image":{"@id":"https:\/\/www.artoisplastiques.fr\/de\/rechtliche-hinweise\/#primaryimage"},"thumbnailUrl":"https:\/\/www.artoisplastiques.fr\/wp-content\/uploads\/2024\/03\/artois-footer.jpg","datePublished":"2024-03-13T13:50:24+00:00","dateModified":"2024-12-11T13:23:12+00:00","breadcrumb":{"@id":"https:\/\/www.artoisplastiques.fr\/de\/rechtliche-hinweise\/#breadcrumb"},"inLanguage":"de","potentialAction":[{"@type":"ReadAction","target":["https:\/\/www.artoisplastiques.fr\/de\/rechtliche-hinweise\/"]}]},{"@type":"ImageObject","inLanguage":"de","@id":"https:\/\/www.artoisplastiques.fr\/de\/rechtliche-hinweise\/#primaryimage","url":"https:\/\/www.artoisplastiques.fr\/wp-content\/uploads\/2024\/03\/artois-footer.jpg","contentUrl":"https:\/\/www.artoisplastiques.fr\/wp-content\/uploads\/2024\/03\/artois-footer.jpg","width":315,"height":116,"caption":"logo artois plastiques footer"},{"@type":"BreadcrumbList","@id":"https:\/\/www.artoisplastiques.fr\/de\/rechtliche-hinweise\/#breadcrumb","itemListElement":[{"@type":"ListItem","position":1,"name":"Accueil","item":"https:\/\/www.artoisplastiques.fr\/de\/"},{"@type":"ListItem","position":2,"name":"Rechtliche Hinweise"}]},{"@type":"WebSite","@id":"https:\/\/www.artoisplastiques.fr\/de\/#website","url":"https:\/\/www.artoisplastiques.fr\/de\/","name":"Artois Plastiques","description":"ARTOIS PLASTIQUES VOTRE PARTENAIRE POUR LA R\u00c9ALISATION DE PI\u00c8CES EN PLASTIQUES TECHNIQUES","potentialAction":[{"@type":"SearchAction","target":{"@type":"EntryPoint","urlTemplate":"https:\/\/www.artoisplastiques.fr\/de\/?s={search_term_string}"},"query-input":{"@type":"PropertyValueSpecification","valueRequired":true,"valueName":"search_term_string"}}],"inLanguage":"de"}]}},"_links":{"self":[{"href":"https:\/\/www.artoisplastiques.fr\/de\/wp-json\/wp\/v2\/pages\/2908","targetHints":{"allow":["GET"]}}],"collection":[{"href":"https:\/\/www.artoisplastiques.fr\/de\/wp-json\/wp\/v2\/pages"}],"about":[{"href":"https:\/\/www.artoisplastiques.fr\/de\/wp-json\/wp\/v2\/types\/page"}],"author":[{"embeddable":true,"href":"https:\/\/www.artoisplastiques.fr\/de\/wp-json\/wp\/v2\/users\/1"}],"replies":[{"embeddable":true,"href":"https:\/\/www.artoisplastiques.fr\/de\/wp-json\/wp\/v2\/comments?post=2908"}],"version-history":[{"count":1,"href":"https:\/\/www.artoisplastiques.fr\/de\/wp-json\/wp\/v2\/pages\/2908\/revisions"}],"predecessor-version":[{"id":2909,"href":"https:\/\/www.artoisplastiques.fr\/de\/wp-json\/wp\/v2\/pages\/2908\/revisions\/2909"}],"wp:featuredmedia":[{"embeddable":true,"href":"https:\/\/www.artoisplastiques.fr\/de\/wp-json\/wp\/v2\/media\/58"}],"wp:attachment":[{"href":"https:\/\/www.artoisplastiques.fr\/de\/wp-json\/wp\/v2\/media?parent=2908"}],"curies":[{"name":"wp","href":"https:\/\/api.w.org\/{rel}","templated":true}]}}