{"id":2772,"date":"2024-10-23T08:53:00","date_gmt":"2024-10-23T06:53:00","guid":{"rendered":"https:\/\/www.artoisplastiques.fr\/unsere-aktivitaeten\/studienbuero\/"},"modified":"2024-12-11T13:51:03","modified_gmt":"2024-12-11T12:51:03","slug":"studienbuero","status":"publish","type":"page","link":"https:\/\/www.artoisplastiques.fr\/de\/unsere-aktivitaeten\/studienbuero\/","title":{"rendered":"Studienb\u00fcro"},"content":{"rendered":"\t\t<div data-elementor-type=\"wp-page\" data-elementor-id=\"2772\" class=\"elementor elementor-2772 elementor-1885\" data-elementor-post-type=\"page\">\n\t\t\t\t<div class=\"elementor-element elementor-element-c307a29 e-flex e-con-boxed e-con e-parent\" data-id=\"c307a29\" data-element_type=\"container\" data-e-type=\"container\" data-settings=\"{&quot;background_background&quot;:&quot;classic&quot;,&quot;jet_parallax_layout_list&quot;:[]}\">\n\t\t\t\t\t<div class=\"e-con-inner\">\n\t\t\t\t<div class=\"elementor-element elementor-element-dcda2ff elementor-widget elementor-widget-heading\" data-id=\"dcda2ff\" data-element_type=\"widget\" data-e-type=\"widget\" data-widget_type=\"heading.default\">\n\t\t\t\t<div class=\"elementor-widget-container\">\n\t\t\t\t\t<h1 class=\"elementor-heading-title elementor-size-default\">Studienb\u00fcro<\/h1>\t\t\t\t<\/div>\n\t\t\t\t<\/div>\n\t\t\t\t<div class=\"elementor-element elementor-element-9354e71 elementor-widget-mobile__width-initial elementor-widget elementor-widget-text-editor\" data-id=\"9354e71\" data-element_type=\"widget\" data-e-type=\"widget\" data-widget_type=\"text-editor.default\">\n\t\t\t\t<div class=\"elementor-widget-container\">\n\t\t\t\t\t\t\t\t\t<p><span style=\"font-weight: 400;\">Bei Artois Plastique ist unser Konstruktionsb\u00fcro (Bureau d&#8217;\u00c9tudes, BE) ein wesentlicher Pfeiler bei der Planung und Umsetzung Ihrer Projekte aus Kunststoff und Metall. Unser Expertenteam stellt Ihnen sein technisches Know-how zur Verf\u00fcgung, um Sie bei der Konzeption, Planung und Empfehlung der Materialien und L\u00f6sungen zu unterst\u00fctzen, die f\u00fcr Ihre spezifischen Bed\u00fcrfnisse am besten geeignet sind. <\/span><\/p>\n\t\t\t\t\t\t\t\t<\/div>\n\t\t\t\t<\/div>\n\t\t\t\t\t<\/div>\n\t\t\t\t<\/div>\n\t\t<div class=\"elementor-element elementor-element-51e5990 e-flex e-con-boxed e-con e-parent\" data-id=\"51e5990\" data-element_type=\"container\" data-e-type=\"container\" data-settings=\"{&quot;jet_parallax_layout_list&quot;:[],&quot;background_background&quot;:&quot;classic&quot;}\">\n\t\t\t\t\t<div class=\"e-con-inner\">\n\t\t<div class=\"elementor-element elementor-element-e0202ce e-con-full e-flex e-con e-child\" data-id=\"e0202ce\" data-element_type=\"container\" data-e-type=\"container\" data-settings=\"{&quot;jet_parallax_layout_list&quot;:[]}\">\n\t\t\t\t<div class=\"elementor-element elementor-element-80ad0ad elementor-widget elementor-widget-heading\" data-id=\"80ad0ad\" data-element_type=\"widget\" data-e-type=\"widget\" data-widget_type=\"heading.default\">\n\t\t\t\t<div class=\"elementor-widget-container\">\n\t\t\t\t\t<h2 class=\"elementor-heading-title elementor-size-default\">Technisches Design <\/h2>\t\t\t\t<\/div>\n\t\t\t\t<\/div>\n\t\t\t\t<div class=\"elementor-element elementor-element-29efca9 elementor-widget elementor-widget-text-editor\" data-id=\"29efca9\" data-element_type=\"widget\" data-e-type=\"widget\" data-widget_type=\"text-editor.default\">\n\t\t\t\t<div class=\"elementor-widget-container\">\n\t\t\t\t\t\t\t\t\t<ul>\n<li style=\"font-weight: 400;\" aria-level=\"1\"><b>Bedarfsanalyse<\/b> <span style=\"font-weight: 400;\">: Zun\u00e4chst analysieren wir Ihren Bedarf und Ihre spezifischen Anforderungen, wobei wir die technischen, wirtschaftlichen und funktionalen Einschr\u00e4nkungen Ihres Projekts ber\u00fccksichtigen.<\/span><\/li>\n<li><b>3D-Modellierung<\/b><span style=\"font-weight: 400;\"> : Wir verwenden Software f\u00fcr computergest\u00fctztes Design (CAD), um detaillierte 3D-Modelle Ihrer Teile oder Strukturen zu erstellen. Dies erm\u00f6glicht es, das Projekt zu visualisieren, m\u00f6gliche Probleme zu identifizieren und die Entscheidungen vor der Herstellung zu best\u00e4tigen. <\/span><\/li>\n<\/ul>\n\t\t\t\t\t\t\t\t<\/div>\n\t\t\t\t<\/div>\n\t\t\t\t<\/div>\n\t\t\t\t\t<\/div>\n\t\t\t\t<\/div>\n\t\t<div class=\"elementor-element elementor-element-f41ab4a e-flex e-con-boxed e-con e-parent\" data-id=\"f41ab4a\" data-element_type=\"container\" data-e-type=\"container\" data-settings=\"{&quot;jet_parallax_layout_list&quot;:[],&quot;background_background&quot;:&quot;classic&quot;}\">\n\t\t\t\t\t<div class=\"e-con-inner\">\n\t\t<div class=\"elementor-element elementor-element-b93f3bb e-con-full e-flex e-con e-child\" data-id=\"b93f3bb\" data-element_type=\"container\" data-e-type=\"container\" data-settings=\"{&quot;jet_parallax_layout_list&quot;:[]}\">\n\t\t<div class=\"elementor-element elementor-element-1072cab e-con-full e-flex e-con e-child\" data-id=\"1072cab\" data-element_type=\"container\" data-e-type=\"container\" data-settings=\"{&quot;jet_parallax_layout_list&quot;:[]}\">\n\t\t\t\t<div class=\"elementor-element elementor-element-8899204 elementor-widget elementor-widget-heading\" data-id=\"8899204\" data-element_type=\"widget\" data-e-type=\"widget\" data-widget_type=\"heading.default\">\n\t\t\t\t<div class=\"elementor-widget-container\">\n\t\t\t\t\t<h2 class=\"elementor-heading-title elementor-size-default\">Materialempfehlung <\/h2>\t\t\t\t<\/div>\n\t\t\t\t<\/div>\n\t\t\t\t<div class=\"elementor-element elementor-element-6c6c4fe elementor-widget elementor-widget-text-editor\" data-id=\"6c6c4fe\" data-element_type=\"widget\" data-e-type=\"widget\" data-widget_type=\"text-editor.default\">\n\t\t\t\t<div class=\"elementor-widget-container\">\n\t\t\t\t\t\t\t\t\t<ul>\n<li style=\"font-weight: 400;\" aria-level=\"1\"><b>Auswahl der Materialien<\/b><span style=\"font-weight: 400;\"> : Auf der Grundlage Ihrer Spezifikation beraten wir Sie \u00fcber die am besten geeigneten Materialien f\u00fcr Ihr Projekt. Wir ber\u00fccksichtigen Kriterien wie mechanische Festigkeit, Temperatur, Lebensmittelkontakt, Kontakt mit Chemikalien, Haltbarkeit und die spezifischen Eigenschaften des ben\u00f6tigten Kunststoffs oder Metalls. <\/span><\/li>\n<li><b>Eigenschaftsanalyse<\/b> <span style=\"font-weight: 400;\">: Wir f\u00fchren eine gr\u00fcndliche Analyse der Eigenschaften der verf\u00fcgbaren Materialien durch, darunter Kunststoffe wie Polyethylen, Polypropylen und Polycarbonat sowie Metalllegierungen wie rostfreier Stahl und Aluminium.<\/span><\/li>\n<\/ul>\n\t\t\t\t\t\t\t\t<\/div>\n\t\t\t\t<\/div>\n\t\t\t\t<\/div>\n\t\t<div class=\"elementor-element elementor-element-29776a4 e-con-full e-flex e-con e-child\" data-id=\"29776a4\" data-element_type=\"container\" data-e-type=\"container\" data-settings=\"{&quot;jet_parallax_layout_list&quot;:[],&quot;background_background&quot;:&quot;classic&quot;}\">\n\t\t\t\t<\/div>\n\t\t\t\t<\/div>\n\t\t\t\t\t<\/div>\n\t\t\t\t<\/div>\n\t\t<div class=\"elementor-element elementor-element-938c305 e-flex e-con-boxed e-con e-parent\" data-id=\"938c305\" data-element_type=\"container\" data-e-type=\"container\" data-settings=\"{&quot;jet_parallax_layout_list&quot;:[],&quot;background_background&quot;:&quot;classic&quot;}\">\n\t\t\t\t\t<div class=\"e-con-inner\">\n\t\t<div class=\"elementor-element elementor-element-1e950e9 e-con-full e-flex e-con e-child\" data-id=\"1e950e9\" data-element_type=\"container\" data-e-type=\"container\" data-settings=\"{&quot;jet_parallax_layout_list&quot;:[]}\">\n\t\t<div class=\"elementor-element elementor-element-5855e1a e-con-full e-flex e-con e-child\" data-id=\"5855e1a\" data-element_type=\"container\" data-e-type=\"container\" data-settings=\"{&quot;jet_parallax_layout_list&quot;:[]}\">\n\t\t\t\t<div class=\"elementor-element elementor-element-c32911c elementor-widget__width-initial elementor-widget-tablet__width-initial elementor-widget elementor-widget-raven-image\" data-id=\"c32911c\" data-element_type=\"widget\" data-e-type=\"widget\" data-widget_type=\"raven-image.default\">\n\t\t\t\t<div class=\"elementor-widget-container\">\n\t\t\t\t\t\t\t<div class=\"raven-image\">\n\t\t\n\t\t\n\t\t<img fetchpriority=\"high\" decoding=\"async\" width=\"574\" height=\"800\" src=\"https:\/\/www.artoisplastiques.fr\/wp-content\/uploads\/2024\/11\/web_ArtoisPlast_lampes_006@ACHphoto.jpg\" class=\"attachment-full size-full wp-image-2773\" alt=\"\" srcset=\"https:\/\/www.artoisplastiques.fr\/wp-content\/uploads\/2024\/11\/web_ArtoisPlast_lampes_006@ACHphoto.jpg 574w, https:\/\/www.artoisplastiques.fr\/wp-content\/uploads\/2024\/11\/web_ArtoisPlast_lampes_006@ACHphoto-215x300.jpg 215w\" sizes=\"(max-width: 574px) 100vw, 574px\" \/>\t\t<\/div>\n\t\t\t\t\t\t<\/div>\n\t\t\t\t<\/div>\n\t\t\t\t<\/div>\n\t\t<div class=\"elementor-element elementor-element-0d87b29 e-con-full e-flex e-con e-child\" data-id=\"0d87b29\" data-element_type=\"container\" data-e-type=\"container\" data-settings=\"{&quot;jet_parallax_layout_list&quot;:[]}\">\n\t\t\t\t<div class=\"elementor-element elementor-element-c4a31d2 elementor-widget elementor-widget-heading\" data-id=\"c4a31d2\" data-element_type=\"widget\" data-e-type=\"widget\" data-widget_type=\"heading.default\">\n\t\t\t\t<div class=\"elementor-widget-container\">\n\t\t\t\t\t<h2 class=\"elementor-heading-title elementor-size-default\">Entwicklung von Prototypen<\/h2>\t\t\t\t<\/div>\n\t\t\t\t<\/div>\n\t\t\t\t<div class=\"elementor-element elementor-element-664fb75 elementor-widget elementor-widget-text-editor\" data-id=\"664fb75\" data-element_type=\"widget\" data-e-type=\"widget\" data-widget_type=\"text-editor.default\">\n\t\t\t\t<div class=\"elementor-widget-container\">\n\t\t\t\t\t\t\t\t\t<ul>\n<li style=\"font-weight: 400;\" aria-level=\"1\"><b>Herstellung von Prototypen<\/b><span style=\"font-weight: 400;\"> : Wir entwickeln Prototypen, um Konzepte zu testen und zu validieren, bevor sie in die Serienproduktion gehen. Mithilfe von Prototypen k\u00f6nnen wir die Funktionalit\u00e4t, Qualit\u00e4t und Passform der Teile \u00fcberpr\u00fcfen. <\/span><\/li>\n<li style=\"font-weight: 400;\" aria-level=\"1\"><b>Tests und Validierung<\/b> <span style=\"font-weight: 400;\">: Prototypen werden strengen Tests unterzogen, um sicherzustellen, dass sie die Leistungsstandards und technischen Spezifikationen erf\u00fcllen.<\/span><\/li>\n<li><b>Technische Unterst\u00fctzung<\/b> <span style=\"font-weight: 400;\">: Unser Team steht w\u00e4hrend des gesamten Projekts zur Verf\u00fcgung, um technische Unterst\u00fctzung zu leisten, Fragen zu beantworten und m\u00f6gliche Probleme zu l\u00f6sen.<\/span><\/li>\n<\/ul>\n\t\t\t\t\t\t\t\t<\/div>\n\t\t\t\t<\/div>\n\t\t\t\t<\/div>\n\t\t\t\t<\/div>\n\t\t\t\t\t<\/div>\n\t\t\t\t<\/div>\n\t\t<div class=\"elementor-element elementor-element-5e8b5b3 e-flex e-con-boxed e-con e-parent\" data-id=\"5e8b5b3\" data-element_type=\"container\" data-e-type=\"container\" data-settings=\"{&quot;jet_parallax_layout_list&quot;:[],&quot;background_background&quot;:&quot;classic&quot;}\">\n\t\t\t\t\t<div class=\"e-con-inner\">\n\t\t<div class=\"elementor-element elementor-element-328c95a e-con-full e-flex e-con e-child\" data-id=\"328c95a\" data-element_type=\"container\" data-e-type=\"container\" data-settings=\"{&quot;jet_parallax_layout_list&quot;:[]}\">\n\t\t<div class=\"elementor-element elementor-element-ef59730 e-con-full e-flex e-con e-child\" data-id=\"ef59730\" data-element_type=\"container\" data-e-type=\"container\" data-settings=\"{&quot;jet_parallax_layout_list&quot;:[]}\">\n\t\t\t\t<div class=\"elementor-element elementor-element-aa27bee elementor-widget elementor-widget-heading\" data-id=\"aa27bee\" data-element_type=\"widget\" data-e-type=\"widget\" data-widget_type=\"heading.default\">\n\t\t\t\t<div class=\"elementor-widget-container\">\n\t\t\t\t\t<h2 class=\"elementor-heading-title elementor-size-default\">Durchf\u00fchrung von Plan <\/h2>\t\t\t\t<\/div>\n\t\t\t\t<\/div>\n\t\t\t\t<div class=\"elementor-element elementor-element-05f13a8 elementor-widget elementor-widget-text-editor\" data-id=\"05f13a8\" data-element_type=\"widget\" data-e-type=\"widget\" data-widget_type=\"text-editor.default\">\n\t\t\t\t<div class=\"elementor-widget-container\">\n\t\t\t\t\t\t\t\t\t<ul>\n<li style=\"font-weight: 400;\" aria-level=\"1\"><span style=\"font-weight: 400;\">Bema\u00dfung von gelieferten Teilen (zerbrochen oder neu)<\/span><\/li>\n<\/ul>\n<h5><i><span style=\"font-weight: 400;\">Spezifische Dienstleistungen<\/span><\/i><\/h5>\n<ul>\n<li style=\"font-weight: 400;\" aria-level=\"1\"><b>Machbarkeitsstudien<\/b> <span style=\"font-weight: 400;\">: Analyse der technischen und wirtschaftlichen Durchf\u00fchrbarkeit Ihrer Projekte, um ihre Rentabilit\u00e4t zu gew\u00e4hrleisten.<\/span><\/li>\n<li style=\"font-weight: 400;\" aria-level=\"1\"><b>Zeichnungserstellung<\/b> <span style=\"font-weight: 400;\">: Erstellung detaillierter technischer Zeichnungen, um die Herstellung und den Zusammenbau zu erm\u00f6glichen.<\/span><\/li>\n<li style=\"font-weight: 400;\" aria-level=\"1\"><b>Verhaltenssimulation<\/b> <span style=\"font-weight: 400;\">: Einsatz von Simulationssoftware, um das Verhalten von Teilen unter verschiedenen Nutzungsbedingungen vorherzusagen.<\/span><\/li>\n<li><b>Technische Dokumentation<\/b> <span style=\"font-weight: 400;\">: Bereitstellung einer vollst\u00e4ndigen technischen Dokumentation, einschlie\u00dflich Spezifikationen, Montageanleitungen und Testberichten.<\/span><\/li>\n<\/ul>\n\t\t\t\t\t\t\t\t<\/div>\n\t\t\t\t<\/div>\n\t\t\t\t<\/div>\n\t\t<div class=\"elementor-element elementor-element-ecd6f68 e-con-full e-flex e-con e-child\" data-id=\"ecd6f68\" data-element_type=\"container\" data-e-type=\"container\" data-settings=\"{&quot;jet_parallax_layout_list&quot;:[],&quot;background_background&quot;:&quot;classic&quot;}\">\n\t\t\t\t<\/div>\n\t\t\t\t<\/div>\n\t\t\t\t\t<\/div>\n\t\t\t\t<\/div>\n\t\t<div class=\"elementor-element elementor-element-d0d497d e-flex e-con-boxed e-con e-parent\" data-id=\"d0d497d\" data-element_type=\"container\" data-e-type=\"container\" data-settings=\"{&quot;background_background&quot;:&quot;classic&quot;,&quot;jet_parallax_layout_list&quot;:[]}\">\n\t\t\t\t\t<div class=\"e-con-inner\">\n\t\t<div class=\"elementor-element elementor-element-4988d39 e-con-full e-flex e-con e-child\" data-id=\"4988d39\" data-element_type=\"container\" data-e-type=\"container\" data-settings=\"{&quot;jet_parallax_layout_list&quot;:[]}\">\n\t\t\t\t<div class=\"elementor-element elementor-element-da8b728 elementor-widget elementor-widget-heading\" data-id=\"da8b728\" data-element_type=\"widget\" data-e-type=\"widget\" data-widget_type=\"heading.default\">\n\t\t\t\t<div class=\"elementor-widget-container\">\n\t\t\t\t\t<h2 class=\"elementor-heading-title elementor-size-default\">Ein Projekt?<\/h2>\t\t\t\t<\/div>\n\t\t\t\t<\/div>\n\t\t\t\t<div class=\"elementor-element elementor-element-8338b22 elementor-widget elementor-widget-heading\" data-id=\"8338b22\" data-element_type=\"widget\" data-e-type=\"widget\" data-widget_type=\"heading.default\">\n\t\t\t\t<div class=\"elementor-widget-container\">\n\t\t\t\t\t<span class=\"elementor-heading-title elementor-size-default\">Unsere Techniker beantworten gerne Ihre Fragen.<\/span>\t\t\t\t<\/div>\n\t\t\t\t<\/div>\n\t\t\t\t<\/div>\n\t\t<div class=\"elementor-element elementor-element-f72acd5 e-con-full e-flex e-con e-child\" data-id=\"f72acd5\" data-element_type=\"container\" data-e-type=\"container\" data-settings=\"{&quot;jet_parallax_layout_list&quot;:[]}\">\n\t\t\t\t<div class=\"elementor-element elementor-element-f3eef50 contact-btn elementor-widget elementor-widget-raven-image\" data-id=\"f3eef50\" data-element_type=\"widget\" data-e-type=\"widget\" data-widget_type=\"raven-image.default\">\n\t\t\t\t<div class=\"elementor-widget-container\">\n\t\t\t\t\t\t\t<div class=\"raven-image\">\n\t\t\n\t\t\n\t\t<img decoding=\"async\" width=\"1000\" height=\"148\" src=\"https:\/\/www.artoisplastiques.fr\/wp-content\/uploads\/2024\/12\/contact-button-de.png\" class=\"attachment-full size-full wp-image-2656\" alt=\"\" srcset=\"https:\/\/www.artoisplastiques.fr\/wp-content\/uploads\/2024\/12\/contact-button-de.png 1000w, https:\/\/www.artoisplastiques.fr\/wp-content\/uploads\/2024\/12\/contact-button-de-300x44.png 300w, https:\/\/www.artoisplastiques.fr\/wp-content\/uploads\/2024\/12\/contact-button-de-768x114.png 768w\" sizes=\"(max-width: 1000px) 100vw, 1000px\" \/>\t\t<\/div>\n\t\t\t\t\t\t<\/div>\n\t\t\t\t<\/div>\n\t\t\t\t<\/div>\n\t\t\t\t\t<\/div>\n\t\t\t\t<\/div>\n\t\t\t\t<\/div>\n\t\t","protected":false},"excerpt":{"rendered":"<p>Studienb\u00fcro Bei Artois Plastique ist unser Konstruktionsb\u00fcro (Bureau d&#8217;\u00c9tudes, BE) ein wesentlicher Pfeiler bei der Planung und Umsetzung Ihrer Projekte aus Kunststoff und Metall. Unser Expertenteam stellt Ihnen sein technisches Know-how zur Verf\u00fcgung, um Sie bei der Konzeption, Planung und Empfehlung der Materialien und L\u00f6sungen zu unterst\u00fctzen, die f\u00fcr Ihre spezifischen Bed\u00fcrfnisse am besten geeignet [&hellip;]<\/p>\n","protected":false},"author":1,"featured_media":58,"parent":2681,"menu_order":0,"comment_status":"closed","ping_status":"closed","template":"","meta":{"_acf_changed":false,"iawp_total_views":8,"footnotes":""},"class_list":["post-2772","page","type-page","status-publish","has-post-thumbnail","hentry"],"acf":[],"yoast_head":"<!-- This site is optimized with the Yoast SEO plugin v27.5 - https:\/\/yoast.com\/product\/yoast-seo-wordpress\/ -->\n<title>Studienb\u00fcro - Artois Plastiques<\/title>\n<meta name=\"robots\" content=\"index, follow, max-snippet:-1, max-image-preview:large, max-video-preview:-1\" \/>\n<link rel=\"canonical\" href=\"https:\/\/www.artoisplastiques.fr\/de\/unsere-aktivitaeten\/studienbuero\/\" \/>\n<meta property=\"og:locale\" content=\"de_DE\" \/>\n<meta property=\"og:type\" content=\"article\" \/>\n<meta property=\"og:title\" content=\"Studienb\u00fcro - Artois Plastiques\" \/>\n<meta property=\"og:description\" content=\"Studienb\u00fcro Bei Artois Plastique ist unser Konstruktionsb\u00fcro (Bureau d&#8217;\u00c9tudes, BE) ein wesentlicher Pfeiler bei der Planung und Umsetzung Ihrer Projekte aus Kunststoff und Metall. Unser Expertenteam stellt Ihnen sein technisches Know-how zur Verf\u00fcgung, um Sie bei der Konzeption, Planung und Empfehlung der Materialien und L\u00f6sungen zu unterst\u00fctzen, die f\u00fcr Ihre spezifischen Bed\u00fcrfnisse am besten geeignet [&hellip;]\" \/>\n<meta property=\"og:url\" content=\"https:\/\/www.artoisplastiques.fr\/de\/unsere-aktivitaeten\/studienbuero\/\" \/>\n<meta property=\"og:site_name\" content=\"Artois Plastiques\" \/>\n<meta property=\"article:modified_time\" content=\"2024-12-11T12:51:03+00:00\" \/>\n<meta property=\"og:image\" content=\"https:\/\/www.artoisplastiques.fr\/wp-content\/uploads\/2024\/03\/artois-footer.jpg\" \/>\n\t<meta property=\"og:image:width\" content=\"315\" \/>\n\t<meta property=\"og:image:height\" content=\"116\" \/>\n\t<meta property=\"og:image:type\" content=\"image\/jpeg\" \/>\n<meta name=\"twitter:card\" content=\"summary_large_image\" \/>\n<meta name=\"twitter:label1\" content=\"Gesch\u00e4tzte Lesezeit\" \/>\n\t<meta name=\"twitter:data1\" content=\"3\u00a0Minuten\" \/>\n<script type=\"application\/ld+json\" class=\"yoast-schema-graph\">{\"@context\":\"https:\\\/\\\/schema.org\",\"@graph\":[{\"@type\":\"WebPage\",\"@id\":\"https:\\\/\\\/www.artoisplastiques.fr\\\/de\\\/unsere-aktivitaeten\\\/studienbuero\\\/\",\"url\":\"https:\\\/\\\/www.artoisplastiques.fr\\\/de\\\/unsere-aktivitaeten\\\/studienbuero\\\/\",\"name\":\"Studienb\u00fcro - Artois Plastiques\",\"isPartOf\":{\"@id\":\"https:\\\/\\\/www.artoisplastiques.fr\\\/de\\\/#website\"},\"primaryImageOfPage\":{\"@id\":\"https:\\\/\\\/www.artoisplastiques.fr\\\/de\\\/unsere-aktivitaeten\\\/studienbuero\\\/#primaryimage\"},\"image\":{\"@id\":\"https:\\\/\\\/www.artoisplastiques.fr\\\/de\\\/unsere-aktivitaeten\\\/studienbuero\\\/#primaryimage\"},\"thumbnailUrl\":\"https:\\\/\\\/www.artoisplastiques.fr\\\/wp-content\\\/uploads\\\/2024\\\/03\\\/artois-footer.jpg\",\"datePublished\":\"2024-10-23T06:53:00+00:00\",\"dateModified\":\"2024-12-11T12:51:03+00:00\",\"breadcrumb\":{\"@id\":\"https:\\\/\\\/www.artoisplastiques.fr\\\/de\\\/unsere-aktivitaeten\\\/studienbuero\\\/#breadcrumb\"},\"inLanguage\":\"de\",\"potentialAction\":[{\"@type\":\"ReadAction\",\"target\":[\"https:\\\/\\\/www.artoisplastiques.fr\\\/de\\\/unsere-aktivitaeten\\\/studienbuero\\\/\"]}]},{\"@type\":\"ImageObject\",\"inLanguage\":\"de\",\"@id\":\"https:\\\/\\\/www.artoisplastiques.fr\\\/de\\\/unsere-aktivitaeten\\\/studienbuero\\\/#primaryimage\",\"url\":\"https:\\\/\\\/www.artoisplastiques.fr\\\/wp-content\\\/uploads\\\/2024\\\/03\\\/artois-footer.jpg\",\"contentUrl\":\"https:\\\/\\\/www.artoisplastiques.fr\\\/wp-content\\\/uploads\\\/2024\\\/03\\\/artois-footer.jpg\",\"width\":315,\"height\":116,\"caption\":\"logo artois plastiques footer\"},{\"@type\":\"BreadcrumbList\",\"@id\":\"https:\\\/\\\/www.artoisplastiques.fr\\\/de\\\/unsere-aktivitaeten\\\/studienbuero\\\/#breadcrumb\",\"itemListElement\":[{\"@type\":\"ListItem\",\"position\":1,\"name\":\"Accueil\",\"item\":\"https:\\\/\\\/www.artoisplastiques.fr\\\/de\\\/\"},{\"@type\":\"ListItem\",\"position\":2,\"name\":\"Unsere Aktivit\u00e4ten\",\"item\":\"https:\\\/\\\/www.artoisplastiques.fr\\\/de\\\/unsere-aktivitaeten\\\/\"},{\"@type\":\"ListItem\",\"position\":3,\"name\":\"Studienb\u00fcro\"}]},{\"@type\":\"WebSite\",\"@id\":\"https:\\\/\\\/www.artoisplastiques.fr\\\/de\\\/#website\",\"url\":\"https:\\\/\\\/www.artoisplastiques.fr\\\/de\\\/\",\"name\":\"Artois Plastiques\",\"description\":\"ARTOIS PLASTIQUES VOTRE PARTENAIRE POUR LA R\u00c9ALISATION DE PI\u00c8CES EN PLASTIQUES TECHNIQUES\",\"potentialAction\":[{\"@type\":\"SearchAction\",\"target\":{\"@type\":\"EntryPoint\",\"urlTemplate\":\"https:\\\/\\\/www.artoisplastiques.fr\\\/de\\\/?s={search_term_string}\"},\"query-input\":{\"@type\":\"PropertyValueSpecification\",\"valueRequired\":true,\"valueName\":\"search_term_string\"}}],\"inLanguage\":\"de\"}]}<\/script>\n<!-- \/ Yoast SEO plugin. -->","yoast_head_json":{"title":"Studienb\u00fcro - Artois Plastiques","robots":{"index":"index","follow":"follow","max-snippet":"max-snippet:-1","max-image-preview":"max-image-preview:large","max-video-preview":"max-video-preview:-1"},"canonical":"https:\/\/www.artoisplastiques.fr\/de\/unsere-aktivitaeten\/studienbuero\/","og_locale":"de_DE","og_type":"article","og_title":"Studienb\u00fcro - Artois Plastiques","og_description":"Studienb\u00fcro Bei Artois Plastique ist unser Konstruktionsb\u00fcro (Bureau d&#8217;\u00c9tudes, BE) ein wesentlicher Pfeiler bei der Planung und Umsetzung Ihrer Projekte aus Kunststoff und Metall. Unser Expertenteam stellt Ihnen sein technisches Know-how zur Verf\u00fcgung, um Sie bei der Konzeption, Planung und Empfehlung der Materialien und L\u00f6sungen zu unterst\u00fctzen, die f\u00fcr Ihre spezifischen Bed\u00fcrfnisse am besten geeignet [&hellip;]","og_url":"https:\/\/www.artoisplastiques.fr\/de\/unsere-aktivitaeten\/studienbuero\/","og_site_name":"Artois Plastiques","article_modified_time":"2024-12-11T12:51:03+00:00","og_image":[{"width":315,"height":116,"url":"https:\/\/www.artoisplastiques.fr\/wp-content\/uploads\/2024\/03\/artois-footer.jpg","type":"image\/jpeg"}],"twitter_card":"summary_large_image","twitter_misc":{"Gesch\u00e4tzte Lesezeit":"3\u00a0Minuten"},"schema":{"@context":"https:\/\/schema.org","@graph":[{"@type":"WebPage","@id":"https:\/\/www.artoisplastiques.fr\/de\/unsere-aktivitaeten\/studienbuero\/","url":"https:\/\/www.artoisplastiques.fr\/de\/unsere-aktivitaeten\/studienbuero\/","name":"Studienb\u00fcro - Artois Plastiques","isPartOf":{"@id":"https:\/\/www.artoisplastiques.fr\/de\/#website"},"primaryImageOfPage":{"@id":"https:\/\/www.artoisplastiques.fr\/de\/unsere-aktivitaeten\/studienbuero\/#primaryimage"},"image":{"@id":"https:\/\/www.artoisplastiques.fr\/de\/unsere-aktivitaeten\/studienbuero\/#primaryimage"},"thumbnailUrl":"https:\/\/www.artoisplastiques.fr\/wp-content\/uploads\/2024\/03\/artois-footer.jpg","datePublished":"2024-10-23T06:53:00+00:00","dateModified":"2024-12-11T12:51:03+00:00","breadcrumb":{"@id":"https:\/\/www.artoisplastiques.fr\/de\/unsere-aktivitaeten\/studienbuero\/#breadcrumb"},"inLanguage":"de","potentialAction":[{"@type":"ReadAction","target":["https:\/\/www.artoisplastiques.fr\/de\/unsere-aktivitaeten\/studienbuero\/"]}]},{"@type":"ImageObject","inLanguage":"de","@id":"https:\/\/www.artoisplastiques.fr\/de\/unsere-aktivitaeten\/studienbuero\/#primaryimage","url":"https:\/\/www.artoisplastiques.fr\/wp-content\/uploads\/2024\/03\/artois-footer.jpg","contentUrl":"https:\/\/www.artoisplastiques.fr\/wp-content\/uploads\/2024\/03\/artois-footer.jpg","width":315,"height":116,"caption":"logo artois plastiques footer"},{"@type":"BreadcrumbList","@id":"https:\/\/www.artoisplastiques.fr\/de\/unsere-aktivitaeten\/studienbuero\/#breadcrumb","itemListElement":[{"@type":"ListItem","position":1,"name":"Accueil","item":"https:\/\/www.artoisplastiques.fr\/de\/"},{"@type":"ListItem","position":2,"name":"Unsere Aktivit\u00e4ten","item":"https:\/\/www.artoisplastiques.fr\/de\/unsere-aktivitaeten\/"},{"@type":"ListItem","position":3,"name":"Studienb\u00fcro"}]},{"@type":"WebSite","@id":"https:\/\/www.artoisplastiques.fr\/de\/#website","url":"https:\/\/www.artoisplastiques.fr\/de\/","name":"Artois Plastiques","description":"ARTOIS PLASTIQUES VOTRE PARTENAIRE POUR LA R\u00c9ALISATION DE PI\u00c8CES EN PLASTIQUES TECHNIQUES","potentialAction":[{"@type":"SearchAction","target":{"@type":"EntryPoint","urlTemplate":"https:\/\/www.artoisplastiques.fr\/de\/?s={search_term_string}"},"query-input":{"@type":"PropertyValueSpecification","valueRequired":true,"valueName":"search_term_string"}}],"inLanguage":"de"}]}},"_links":{"self":[{"href":"https:\/\/www.artoisplastiques.fr\/de\/wp-json\/wp\/v2\/pages\/2772","targetHints":{"allow":["GET"]}}],"collection":[{"href":"https:\/\/www.artoisplastiques.fr\/de\/wp-json\/wp\/v2\/pages"}],"about":[{"href":"https:\/\/www.artoisplastiques.fr\/de\/wp-json\/wp\/v2\/types\/page"}],"author":[{"embeddable":true,"href":"https:\/\/www.artoisplastiques.fr\/de\/wp-json\/wp\/v2\/users\/1"}],"replies":[{"embeddable":true,"href":"https:\/\/www.artoisplastiques.fr\/de\/wp-json\/wp\/v2\/comments?post=2772"}],"version-history":[{"count":4,"href":"https:\/\/www.artoisplastiques.fr\/de\/wp-json\/wp\/v2\/pages\/2772\/revisions"}],"predecessor-version":[{"id":2895,"href":"https:\/\/www.artoisplastiques.fr\/de\/wp-json\/wp\/v2\/pages\/2772\/revisions\/2895"}],"up":[{"embeddable":true,"href":"https:\/\/www.artoisplastiques.fr\/de\/wp-json\/wp\/v2\/pages\/2681"}],"wp:featuredmedia":[{"embeddable":true,"href":"https:\/\/www.artoisplastiques.fr\/de\/wp-json\/wp\/v2\/media\/58"}],"wp:attachment":[{"href":"https:\/\/www.artoisplastiques.fr\/de\/wp-json\/wp\/v2\/media?parent=2772"}],"curies":[{"name":"wp","href":"https:\/\/api.w.org\/{rel}","templated":true}]}}