{"id":2708,"date":"2024-03-13T14:49:02","date_gmt":"2024-03-13T13:49:02","guid":{"rendered":"https:\/\/www.artoisplastiques.fr\/unsere-mittel\/"},"modified":"2024-12-11T13:55:17","modified_gmt":"2024-12-11T12:55:17","slug":"unsere-mittel","status":"publish","type":"page","link":"https:\/\/www.artoisplastiques.fr\/de\/unsere-mittel\/","title":{"rendered":"Unsere Mittel"},"content":{"rendered":"\t\t<div data-elementor-type=\"wp-page\" data-elementor-id=\"2708\" class=\"elementor elementor-2708 elementor-34\" data-elementor-post-type=\"page\">\n\t\t\t\t<div class=\"elementor-element elementor-element-6ddc1e7 e-flex e-con-boxed e-con e-parent\" data-id=\"6ddc1e7\" data-element_type=\"container\" data-e-type=\"container\" data-settings=\"{&quot;background_background&quot;:&quot;classic&quot;,&quot;jet_parallax_layout_list&quot;:[]}\">\n\t\t\t\t\t<div class=\"e-con-inner\">\n\t\t\t\t<div class=\"elementor-element elementor-element-d054976 elementor-widget elementor-widget-heading\" data-id=\"d054976\" data-element_type=\"widget\" data-e-type=\"widget\" data-widget_type=\"heading.default\">\n\t\t\t\t<div class=\"elementor-widget-container\">\n\t\t\t\t\t<h1 class=\"elementor-heading-title elementor-size-default\">Unsere Mittel<\/h1>\t\t\t\t<\/div>\n\t\t\t\t<\/div>\n\t\t\t\t<div class=\"elementor-element elementor-element-95ee485 elementor-widget elementor-widget-text-editor\" data-id=\"95ee485\" data-element_type=\"widget\" data-e-type=\"widget\" data-widget_type=\"text-editor.default\">\n\t\t\t\t<div class=\"elementor-widget-container\">\n\t\t\t\t\t\t\t\t\t<p>Ausgestattet mit einer Infrastruktur auf hohem Niveau, erfahrenen Teams und leistungsf\u00e4higem Material verf\u00fcgt Artois Plastiques \u00fcber die F\u00e4higkeiten und Qualit\u00e4ten, die erforderlich sind, um Ihren Bedarf an maschineller Bearbeitung, mechanischen Schwei\u00dfarbeiten und Kunststoffhalbzeugen zu decken.<\/p>\n\t\t\t\t\t\t\t\t<\/div>\n\t\t\t\t<\/div>\n\t\t\t\t\t<\/div>\n\t\t\t\t<\/div>\n\t\t<div class=\"elementor-element elementor-element-bd927fe e-flex e-con-boxed e-con e-parent\" data-id=\"bd927fe\" data-element_type=\"container\" data-e-type=\"container\" data-settings=\"{&quot;jet_parallax_layout_list&quot;:[],&quot;background_background&quot;:&quot;classic&quot;}\">\n\t\t\t\t\t<div class=\"e-con-inner\">\n\t\t<div class=\"elementor-element elementor-element-6bb85a4 e-con-full e-flex e-con e-child\" data-id=\"6bb85a4\" data-element_type=\"container\" data-e-type=\"container\" data-settings=\"{&quot;jet_parallax_layout_list&quot;:[]}\">\n\t\t<div class=\"elementor-element elementor-element-548bfb0 e-con-full e-flex e-con e-child\" data-id=\"548bfb0\" data-element_type=\"container\" data-e-type=\"container\" data-settings=\"{&quot;background_background&quot;:&quot;classic&quot;,&quot;jet_parallax_layout_list&quot;:[]}\">\n\t\t\t\t<\/div>\n\t\t<div class=\"elementor-element elementor-element-492ac0e e-con-full e-flex e-con e-child\" data-id=\"492ac0e\" data-element_type=\"container\" data-e-type=\"container\" data-settings=\"{&quot;jet_parallax_layout_list&quot;:[]}\">\n\t\t\t\t<div class=\"elementor-element elementor-element-32fd6c5 elementor-widget elementor-widget-heading\" data-id=\"32fd6c5\" data-element_type=\"widget\" data-e-type=\"widget\" data-widget_type=\"heading.default\">\n\t\t\t\t<div class=\"elementor-widget-container\">\n\t\t\t\t\t<h2 class=\"elementor-heading-title elementor-size-default\">Werkzeuge f\u00fcr die Produktion<\/h2>\t\t\t\t<\/div>\n\t\t\t\t<\/div>\n\t\t\t\t<div class=\"elementor-element elementor-element-072a4ef elementor-widget elementor-widget-text-editor\" data-id=\"072a4ef\" data-element_type=\"widget\" data-e-type=\"widget\" data-widget_type=\"text-editor.default\">\n\t\t\t\t<div class=\"elementor-widget-container\">\n\t\t\t\t\t\t\t\t\t<p>Unser moderner und regelm\u00e4\u00dfig aktualisierter Maschinenpark erm\u00f6glicht es uns, Ihre Anforderungen pr\u00e4zise und effizient zu erf\u00fcllen. Er ist in drei Bereiche unterteilt: <\/p>\n<ul>\n<li>Durchsatzbereich: Ausgestattet mit Plattens\u00e4gen, Hobelmaschinen, Oberfr\u00e4sen und anderen Ger\u00e4ten f\u00fcr den anf\u00e4nglichen Zuschnitt von Materialien.<\/li>\n<li>Fr\u00e4sbereich: Vollst\u00e4ndig digitalisiert mit 3-, 4- und 5-Achsen-Bearbeitungszentren, mit denen gro\u00dfe Werkst\u00fccke (bis zu 2500 x 800 x 800 mm) bearbeitet werden k\u00f6nnen.<\/li>\n<li>Sektor Drehen: ausgestattet mit digitalen Drehzentren, mit integrierten Fr\u00e4sachsen, sowie traditionellen Drehmaschinen f\u00fcr spezifische Anwendungen.<\/li>\n<\/ul>\n\t\t\t\t\t\t\t\t<\/div>\n\t\t\t\t<\/div>\n\t\t\t\t<\/div>\n\t\t\t\t<\/div>\n\t\t\t\t\t<\/div>\n\t\t\t\t<\/div>\n\t\t<div class=\"elementor-element elementor-element-2fd8a5c e-flex e-con-boxed e-con e-parent\" data-id=\"2fd8a5c\" data-element_type=\"container\" data-e-type=\"container\" data-settings=\"{&quot;jet_parallax_layout_list&quot;:[],&quot;background_background&quot;:&quot;classic&quot;}\">\n\t\t\t\t\t<div class=\"e-con-inner\">\n\t\t<div class=\"elementor-element elementor-element-fc7c050 e-con-full e-flex e-con e-child\" data-id=\"fc7c050\" data-element_type=\"container\" data-e-type=\"container\" data-settings=\"{&quot;jet_parallax_layout_list&quot;:[]}\">\n\t\t<div class=\"elementor-element elementor-element-6996ff7 e-con-full e-flex e-con e-child\" data-id=\"6996ff7\" data-element_type=\"container\" data-e-type=\"container\" data-settings=\"{&quot;background_background&quot;:&quot;classic&quot;,&quot;jet_parallax_layout_list&quot;:[]}\">\n\t\t\t\t<\/div>\n\t\t<div class=\"elementor-element elementor-element-10e63f0 e-con-full e-flex e-con e-child\" data-id=\"10e63f0\" data-element_type=\"container\" data-e-type=\"container\" data-settings=\"{&quot;jet_parallax_layout_list&quot;:[]}\">\n\t\t\t\t<div class=\"elementor-element elementor-element-4b6db26 elementor-widget elementor-widget-heading\" data-id=\"4b6db26\" data-element_type=\"widget\" data-e-type=\"widget\" data-widget_type=\"heading.default\">\n\t\t\t\t<div class=\"elementor-widget-container\">\n\t\t\t\t\t<h2 class=\"elementor-heading-title elementor-size-default\">Geb\u00e4ude<\/h2>\t\t\t\t<\/div>\n\t\t\t\t<\/div>\n\t\t\t\t<div class=\"elementor-element elementor-element-9b83b98 elementor-widget elementor-widget-text-editor\" data-id=\"9b83b98\" data-element_type=\"widget\" data-e-type=\"widget\" data-widget_type=\"text-editor.default\">\n\t\t\t\t<div class=\"elementor-widget-container\">\n\t\t\t\t\t\t\t\t\t<p>Unsere R\u00e4umlichkeiten mit einer Gesamtfl\u00e4che von 3000 m2 verteilen sich auf zwei Geb\u00e4ude, die der Produktion und den technischen Diensten gewidmet sind.<\/p>\n<ul>\n<li>Das erste, vollklimatisierte Geb\u00e4ude beherbergt unsere Kunststoffbearbeitungswerkstatt, ein Kontrolllabor, um die Qualit\u00e4t der hergestellten Teile zu gew\u00e4hrleisten, sowie die technischen und Planungsb\u00fcros f\u00fcr die Konzeption Ihrer Projekte.<\/li>\n<li>Das zweite Geb\u00e4ude ist der mechanischen Schwei\u00dfung, dem Kunststoffkesselbau und dem Zuschnitt von Halbfabrikaten gewidmet, wobei auch die Verwaltungs- und Verkaufsb\u00fcros f\u00fcr<br \/>einen reaktiven Kundenservice zu gew\u00e4hrleisten.<\/li>\n<\/ul>\n\t\t\t\t\t\t\t\t<\/div>\n\t\t\t\t<\/div>\n\t\t\t\t<\/div>\n\t\t\t\t<\/div>\n\t\t\t\t\t<\/div>\n\t\t\t\t<\/div>\n\t\t<div class=\"elementor-element elementor-element-b5d077f e-flex e-con-boxed e-con e-parent\" data-id=\"b5d077f\" data-element_type=\"container\" data-e-type=\"container\" data-settings=\"{&quot;jet_parallax_layout_list&quot;:[]}\">\n\t\t\t\t\t<div class=\"e-con-inner\">\n\t\t<div class=\"elementor-element elementor-element-ba2ea45 e-con-full e-flex e-con e-child\" data-id=\"ba2ea45\" data-element_type=\"container\" data-e-type=\"container\" data-settings=\"{&quot;jet_parallax_layout_list&quot;:[]}\">\n\t\t<div class=\"elementor-element elementor-element-97bf6d3 e-con-full e-flex e-con e-child\" data-id=\"97bf6d3\" data-element_type=\"container\" data-e-type=\"container\" data-settings=\"{&quot;background_background&quot;:&quot;classic&quot;,&quot;jet_parallax_layout_list&quot;:[]}\">\n\t\t\t\t<\/div>\n\t\t<div class=\"elementor-element elementor-element-e783e79 e-con-full e-flex e-con e-child\" data-id=\"e783e79\" data-element_type=\"container\" data-e-type=\"container\" data-settings=\"{&quot;jet_parallax_layout_list&quot;:[]}\">\n\t\t\t\t<div class=\"elementor-element elementor-element-8272afe elementor-widget elementor-widget-heading\" data-id=\"8272afe\" data-element_type=\"widget\" data-e-type=\"widget\" data-widget_type=\"heading.default\">\n\t\t\t\t<div class=\"elementor-widget-container\">\n\t\t\t\t\t<h2 class=\"elementor-heading-title elementor-size-default\">Studienb\u00fcro<\/h2>\t\t\t\t<\/div>\n\t\t\t\t<\/div>\n\t\t\t\t<div class=\"elementor-element elementor-element-6765600 elementor-widget elementor-widget-text-editor\" data-id=\"6765600\" data-element_type=\"widget\" data-e-type=\"widget\" data-widget_type=\"text-editor.default\">\n\t\t\t\t<div class=\"elementor-widget-container\">\n\t\t\t\t\t\t\t\t\t<p>Unser Konstruktionsb\u00fcro ist mit der neuesten CAD\/CAM-Software (TopSolid\/CAM) ausgestattet und kann komplexe Projekte von der Konzeption bis zur Erstellung von technischen Pl\u00e4nen bearbeiten. Wir \u00fcbernehmen alle Arten von 2D- oder 3D-Dateien, um eine pr\u00e4zise und bedarfsgerechte Konstruktion zu gew\u00e4hrleisten, und bieten umfassende technische Unterst\u00fctzung bei der Entwicklung von mechanischen Systemen und Prototypen. <\/p>\n\t\t\t\t\t\t\t\t<\/div>\n\t\t\t\t<\/div>\n\t\t\t\t<\/div>\n\t\t\t\t<\/div>\n\t\t\t\t\t<\/div>\n\t\t\t\t<\/div>\n\t\t<div class=\"elementor-element elementor-element-fbae6a8 e-flex e-con-boxed e-con e-parent\" data-id=\"fbae6a8\" data-element_type=\"container\" data-e-type=\"container\" data-settings=\"{&quot;jet_parallax_layout_list&quot;:[],&quot;background_background&quot;:&quot;classic&quot;}\">\n\t\t\t\t\t<div class=\"e-con-inner\">\n\t\t<div class=\"elementor-element elementor-element-91e44d6 e-con-full e-flex e-con e-child\" data-id=\"91e44d6\" data-element_type=\"container\" data-e-type=\"container\" data-settings=\"{&quot;jet_parallax_layout_list&quot;:[]}\">\n\t\t<div class=\"elementor-element elementor-element-083f2ac e-con-full e-flex e-con e-child\" data-id=\"083f2ac\" data-element_type=\"container\" data-e-type=\"container\" data-settings=\"{&quot;background_background&quot;:&quot;classic&quot;,&quot;jet_parallax_layout_list&quot;:[]}\">\n\t\t\t\t<\/div>\n\t\t<div class=\"elementor-element elementor-element-0b1f8b2 e-con-full e-flex e-con e-child\" data-id=\"0b1f8b2\" data-element_type=\"container\" data-e-type=\"container\" data-settings=\"{&quot;jet_parallax_layout_list&quot;:[]}\">\n\t\t\t\t<div class=\"elementor-element elementor-element-d36f95a elementor-widget elementor-widget-heading\" data-id=\"d36f95a\" data-element_type=\"widget\" data-e-type=\"widget\" data-widget_type=\"heading.default\">\n\t\t\t\t<div class=\"elementor-widget-container\">\n\t\t\t\t\t<h2 class=\"elementor-heading-title elementor-size-default\">Mensch<\/h2>\t\t\t\t<\/div>\n\t\t\t\t<\/div>\n\t\t\t\t<div class=\"elementor-element elementor-element-23f6f7f elementor-widget elementor-widget-text-editor\" data-id=\"23f6f7f\" data-element_type=\"widget\" data-e-type=\"widget\" data-widget_type=\"text-editor.default\">\n\t\t\t\t<div class=\"elementor-widget-container\">\n\t\t\t\t\t\t\t\t\t<p>Mit einem Team von 20 Mitarbeitern, das aus qualifizierten Technikern, Ingenieuren und Verwaltungspersonal besteht, st\u00fctzt sich Artois Plastiques auf erfahrene und regelm\u00e4\u00dfig geschulte Mitarbeiter. Die Treue unseres Teams und unser Engagement f\u00fcr interne Schulungen garantieren ein hohes Kompetenzniveau, das in direktem Zusammenhang mit den spezifischen Bed\u00fcrfnissen unserer Kunden steht.<br \/>Artois Plastiques hat vor 10 Jahren sein eigenes Schulungszentrum gegr\u00fcndet. <\/p>\n\t\t\t\t\t\t\t\t<\/div>\n\t\t\t\t<\/div>\n\t\t\t\t<\/div>\n\t\t\t\t<\/div>\n\t\t\t\t\t<\/div>\n\t\t\t\t<\/div>\n\t\t<div class=\"elementor-element elementor-element-f8daaf8 e-flex e-con-boxed e-con e-parent\" data-id=\"f8daaf8\" data-element_type=\"container\" data-e-type=\"container\" data-settings=\"{&quot;background_background&quot;:&quot;classic&quot;,&quot;jet_parallax_layout_list&quot;:[]}\">\n\t\t\t\t\t<div class=\"e-con-inner\">\n\t\t<div class=\"elementor-element elementor-element-3e474c4 e-con-full e-flex e-con e-child\" data-id=\"3e474c4\" data-element_type=\"container\" data-e-type=\"container\" data-settings=\"{&quot;jet_parallax_layout_list&quot;:[]}\">\n\t\t\t\t<div class=\"elementor-element elementor-element-8535668 elementor-widget elementor-widget-heading\" data-id=\"8535668\" data-element_type=\"widget\" data-e-type=\"widget\" data-widget_type=\"heading.default\">\n\t\t\t\t<div class=\"elementor-widget-container\">\n\t\t\t\t\t<h2 class=\"elementor-heading-title elementor-size-default\">Ein Projekt?<\/h2>\t\t\t\t<\/div>\n\t\t\t\t<\/div>\n\t\t\t\t<div class=\"elementor-element elementor-element-b7ee921 elementor-widget elementor-widget-heading\" data-id=\"b7ee921\" data-element_type=\"widget\" data-e-type=\"widget\" data-widget_type=\"heading.default\">\n\t\t\t\t<div class=\"elementor-widget-container\">\n\t\t\t\t\t<span class=\"elementor-heading-title elementor-size-default\">Unsere Techniker beantworten gerne Ihre Fragen.<\/span>\t\t\t\t<\/div>\n\t\t\t\t<\/div>\n\t\t\t\t<\/div>\n\t\t<div class=\"elementor-element elementor-element-91670b4 e-con-full e-flex e-con e-child\" data-id=\"91670b4\" data-element_type=\"container\" data-e-type=\"container\" data-settings=\"{&quot;jet_parallax_layout_list&quot;:[]}\">\n\t\t\t\t<div class=\"elementor-element elementor-element-b940a73 contact-btn elementor-widget elementor-widget-raven-image\" data-id=\"b940a73\" data-element_type=\"widget\" data-e-type=\"widget\" data-widget_type=\"raven-image.default\">\n\t\t\t\t<div class=\"elementor-widget-container\">\n\t\t\t\t\t\t\t<div class=\"raven-image\">\n\t\t\n\t\t\n\t\t<img fetchpriority=\"high\" decoding=\"async\" width=\"1000\" height=\"148\" src=\"https:\/\/www.artoisplastiques.fr\/wp-content\/uploads\/2024\/12\/contact-button-de.png\" class=\"attachment-full size-full wp-image-2656\" alt=\"\" srcset=\"https:\/\/www.artoisplastiques.fr\/wp-content\/uploads\/2024\/12\/contact-button-de.png 1000w, https:\/\/www.artoisplastiques.fr\/wp-content\/uploads\/2024\/12\/contact-button-de-300x44.png 300w, https:\/\/www.artoisplastiques.fr\/wp-content\/uploads\/2024\/12\/contact-button-de-768x114.png 768w\" sizes=\"(max-width: 1000px) 100vw, 1000px\" \/>\t\t<\/div>\n\t\t\t\t\t\t<\/div>\n\t\t\t\t<\/div>\n\t\t\t\t<\/div>\n\t\t\t\t\t<\/div>\n\t\t\t\t<\/div>\n\t\t\t\t<\/div>\n\t\t","protected":false},"excerpt":{"rendered":"<p>Unsere Mittel Ausgestattet mit einer Infrastruktur auf hohem Niveau, erfahrenen Teams und leistungsf\u00e4higem Material verf\u00fcgt Artois Plastiques \u00fcber die F\u00e4higkeiten und Qualit\u00e4ten, die erforderlich sind, um Ihren Bedarf an maschineller Bearbeitung, mechanischen Schwei\u00dfarbeiten und Kunststoffhalbzeugen zu decken. Werkzeuge f\u00fcr die Produktion Unser moderner und regelm\u00e4\u00dfig aktualisierter Maschinenpark erm\u00f6glicht es uns, Ihre Anforderungen pr\u00e4zise und effizient [&hellip;]<\/p>\n","protected":false},"author":1,"featured_media":58,"parent":0,"menu_order":0,"comment_status":"closed","ping_status":"closed","template":"","meta":{"_acf_changed":false,"iawp_total_views":11,"footnotes":""},"class_list":["post-2708","page","type-page","status-publish","has-post-thumbnail","hentry"],"acf":[],"yoast_head":"<!-- This site is optimized with the Yoast SEO plugin v27.5 - https:\/\/yoast.com\/product\/yoast-seo-wordpress\/ -->\n<title>Unsere Mittel - Artois Plastiques<\/title>\n<meta name=\"robots\" content=\"index, follow, max-snippet:-1, max-image-preview:large, max-video-preview:-1\" \/>\n<link rel=\"canonical\" href=\"https:\/\/www.artoisplastiques.fr\/de\/unsere-mittel\/\" \/>\n<meta property=\"og:locale\" content=\"de_DE\" \/>\n<meta property=\"og:type\" content=\"article\" \/>\n<meta property=\"og:title\" content=\"Unsere Mittel - Artois Plastiques\" \/>\n<meta property=\"og:description\" content=\"Unsere Mittel Ausgestattet mit einer Infrastruktur auf hohem Niveau, erfahrenen Teams und leistungsf\u00e4higem Material verf\u00fcgt Artois Plastiques \u00fcber die F\u00e4higkeiten und Qualit\u00e4ten, die erforderlich sind, um Ihren Bedarf an maschineller Bearbeitung, mechanischen Schwei\u00dfarbeiten und Kunststoffhalbzeugen zu decken. Werkzeuge f\u00fcr die Produktion Unser moderner und regelm\u00e4\u00dfig aktualisierter Maschinenpark erm\u00f6glicht es uns, Ihre Anforderungen pr\u00e4zise und effizient [&hellip;]\" \/>\n<meta property=\"og:url\" content=\"https:\/\/www.artoisplastiques.fr\/de\/unsere-mittel\/\" \/>\n<meta property=\"og:site_name\" content=\"Artois Plastiques\" \/>\n<meta property=\"article:modified_time\" content=\"2024-12-11T12:55:17+00:00\" \/>\n<meta property=\"og:image\" content=\"https:\/\/www.artoisplastiques.fr\/wp-content\/uploads\/2024\/03\/artois-footer.jpg\" \/>\n\t<meta property=\"og:image:width\" content=\"315\" \/>\n\t<meta property=\"og:image:height\" content=\"116\" \/>\n\t<meta property=\"og:image:type\" content=\"image\/jpeg\" \/>\n<meta name=\"twitter:card\" content=\"summary_large_image\" \/>\n<meta name=\"twitter:label1\" content=\"Gesch\u00e4tzte Lesezeit\" \/>\n\t<meta name=\"twitter:data1\" content=\"2\u00a0Minuten\" \/>\n<script type=\"application\/ld+json\" class=\"yoast-schema-graph\">{\"@context\":\"https:\\\/\\\/schema.org\",\"@graph\":[{\"@type\":\"WebPage\",\"@id\":\"https:\\\/\\\/www.artoisplastiques.fr\\\/de\\\/unsere-mittel\\\/\",\"url\":\"https:\\\/\\\/www.artoisplastiques.fr\\\/de\\\/unsere-mittel\\\/\",\"name\":\"Unsere Mittel - Artois Plastiques\",\"isPartOf\":{\"@id\":\"https:\\\/\\\/www.artoisplastiques.fr\\\/de\\\/#website\"},\"primaryImageOfPage\":{\"@id\":\"https:\\\/\\\/www.artoisplastiques.fr\\\/de\\\/unsere-mittel\\\/#primaryimage\"},\"image\":{\"@id\":\"https:\\\/\\\/www.artoisplastiques.fr\\\/de\\\/unsere-mittel\\\/#primaryimage\"},\"thumbnailUrl\":\"https:\\\/\\\/www.artoisplastiques.fr\\\/wp-content\\\/uploads\\\/2024\\\/03\\\/artois-footer.jpg\",\"datePublished\":\"2024-03-13T13:49:02+00:00\",\"dateModified\":\"2024-12-11T12:55:17+00:00\",\"breadcrumb\":{\"@id\":\"https:\\\/\\\/www.artoisplastiques.fr\\\/de\\\/unsere-mittel\\\/#breadcrumb\"},\"inLanguage\":\"de\",\"potentialAction\":[{\"@type\":\"ReadAction\",\"target\":[\"https:\\\/\\\/www.artoisplastiques.fr\\\/de\\\/unsere-mittel\\\/\"]}]},{\"@type\":\"ImageObject\",\"inLanguage\":\"de\",\"@id\":\"https:\\\/\\\/www.artoisplastiques.fr\\\/de\\\/unsere-mittel\\\/#primaryimage\",\"url\":\"https:\\\/\\\/www.artoisplastiques.fr\\\/wp-content\\\/uploads\\\/2024\\\/03\\\/artois-footer.jpg\",\"contentUrl\":\"https:\\\/\\\/www.artoisplastiques.fr\\\/wp-content\\\/uploads\\\/2024\\\/03\\\/artois-footer.jpg\",\"width\":315,\"height\":116,\"caption\":\"logo artois plastiques footer\"},{\"@type\":\"BreadcrumbList\",\"@id\":\"https:\\\/\\\/www.artoisplastiques.fr\\\/de\\\/unsere-mittel\\\/#breadcrumb\",\"itemListElement\":[{\"@type\":\"ListItem\",\"position\":1,\"name\":\"Accueil\",\"item\":\"https:\\\/\\\/www.artoisplastiques.fr\\\/de\\\/\"},{\"@type\":\"ListItem\",\"position\":2,\"name\":\"Unsere Mittel\"}]},{\"@type\":\"WebSite\",\"@id\":\"https:\\\/\\\/www.artoisplastiques.fr\\\/de\\\/#website\",\"url\":\"https:\\\/\\\/www.artoisplastiques.fr\\\/de\\\/\",\"name\":\"Artois Plastiques\",\"description\":\"ARTOIS PLASTIQUES VOTRE PARTENAIRE POUR LA R\u00c9ALISATION DE PI\u00c8CES EN PLASTIQUES TECHNIQUES\",\"potentialAction\":[{\"@type\":\"SearchAction\",\"target\":{\"@type\":\"EntryPoint\",\"urlTemplate\":\"https:\\\/\\\/www.artoisplastiques.fr\\\/de\\\/?s={search_term_string}\"},\"query-input\":{\"@type\":\"PropertyValueSpecification\",\"valueRequired\":true,\"valueName\":\"search_term_string\"}}],\"inLanguage\":\"de\"}]}<\/script>\n<!-- \/ Yoast SEO plugin. -->","yoast_head_json":{"title":"Unsere Mittel - Artois Plastiques","robots":{"index":"index","follow":"follow","max-snippet":"max-snippet:-1","max-image-preview":"max-image-preview:large","max-video-preview":"max-video-preview:-1"},"canonical":"https:\/\/www.artoisplastiques.fr\/de\/unsere-mittel\/","og_locale":"de_DE","og_type":"article","og_title":"Unsere Mittel - Artois Plastiques","og_description":"Unsere Mittel Ausgestattet mit einer Infrastruktur auf hohem Niveau, erfahrenen Teams und leistungsf\u00e4higem Material verf\u00fcgt Artois Plastiques \u00fcber die F\u00e4higkeiten und Qualit\u00e4ten, die erforderlich sind, um Ihren Bedarf an maschineller Bearbeitung, mechanischen Schwei\u00dfarbeiten und Kunststoffhalbzeugen zu decken. Werkzeuge f\u00fcr die Produktion Unser moderner und regelm\u00e4\u00dfig aktualisierter Maschinenpark erm\u00f6glicht es uns, Ihre Anforderungen pr\u00e4zise und effizient [&hellip;]","og_url":"https:\/\/www.artoisplastiques.fr\/de\/unsere-mittel\/","og_site_name":"Artois Plastiques","article_modified_time":"2024-12-11T12:55:17+00:00","og_image":[{"width":315,"height":116,"url":"https:\/\/www.artoisplastiques.fr\/wp-content\/uploads\/2024\/03\/artois-footer.jpg","type":"image\/jpeg"}],"twitter_card":"summary_large_image","twitter_misc":{"Gesch\u00e4tzte Lesezeit":"2\u00a0Minuten"},"schema":{"@context":"https:\/\/schema.org","@graph":[{"@type":"WebPage","@id":"https:\/\/www.artoisplastiques.fr\/de\/unsere-mittel\/","url":"https:\/\/www.artoisplastiques.fr\/de\/unsere-mittel\/","name":"Unsere Mittel - Artois Plastiques","isPartOf":{"@id":"https:\/\/www.artoisplastiques.fr\/de\/#website"},"primaryImageOfPage":{"@id":"https:\/\/www.artoisplastiques.fr\/de\/unsere-mittel\/#primaryimage"},"image":{"@id":"https:\/\/www.artoisplastiques.fr\/de\/unsere-mittel\/#primaryimage"},"thumbnailUrl":"https:\/\/www.artoisplastiques.fr\/wp-content\/uploads\/2024\/03\/artois-footer.jpg","datePublished":"2024-03-13T13:49:02+00:00","dateModified":"2024-12-11T12:55:17+00:00","breadcrumb":{"@id":"https:\/\/www.artoisplastiques.fr\/de\/unsere-mittel\/#breadcrumb"},"inLanguage":"de","potentialAction":[{"@type":"ReadAction","target":["https:\/\/www.artoisplastiques.fr\/de\/unsere-mittel\/"]}]},{"@type":"ImageObject","inLanguage":"de","@id":"https:\/\/www.artoisplastiques.fr\/de\/unsere-mittel\/#primaryimage","url":"https:\/\/www.artoisplastiques.fr\/wp-content\/uploads\/2024\/03\/artois-footer.jpg","contentUrl":"https:\/\/www.artoisplastiques.fr\/wp-content\/uploads\/2024\/03\/artois-footer.jpg","width":315,"height":116,"caption":"logo artois plastiques footer"},{"@type":"BreadcrumbList","@id":"https:\/\/www.artoisplastiques.fr\/de\/unsere-mittel\/#breadcrumb","itemListElement":[{"@type":"ListItem","position":1,"name":"Accueil","item":"https:\/\/www.artoisplastiques.fr\/de\/"},{"@type":"ListItem","position":2,"name":"Unsere Mittel"}]},{"@type":"WebSite","@id":"https:\/\/www.artoisplastiques.fr\/de\/#website","url":"https:\/\/www.artoisplastiques.fr\/de\/","name":"Artois Plastiques","description":"ARTOIS PLASTIQUES VOTRE PARTENAIRE POUR LA R\u00c9ALISATION DE PI\u00c8CES EN PLASTIQUES TECHNIQUES","potentialAction":[{"@type":"SearchAction","target":{"@type":"EntryPoint","urlTemplate":"https:\/\/www.artoisplastiques.fr\/de\/?s={search_term_string}"},"query-input":{"@type":"PropertyValueSpecification","valueRequired":true,"valueName":"search_term_string"}}],"inLanguage":"de"}]}},"_links":{"self":[{"href":"https:\/\/www.artoisplastiques.fr\/de\/wp-json\/wp\/v2\/pages\/2708","targetHints":{"allow":["GET"]}}],"collection":[{"href":"https:\/\/www.artoisplastiques.fr\/de\/wp-json\/wp\/v2\/pages"}],"about":[{"href":"https:\/\/www.artoisplastiques.fr\/de\/wp-json\/wp\/v2\/types\/page"}],"author":[{"embeddable":true,"href":"https:\/\/www.artoisplastiques.fr\/de\/wp-json\/wp\/v2\/users\/1"}],"replies":[{"embeddable":true,"href":"https:\/\/www.artoisplastiques.fr\/de\/wp-json\/wp\/v2\/comments?post=2708"}],"version-history":[{"count":4,"href":"https:\/\/www.artoisplastiques.fr\/de\/wp-json\/wp\/v2\/pages\/2708\/revisions"}],"predecessor-version":[{"id":2901,"href":"https:\/\/www.artoisplastiques.fr\/de\/wp-json\/wp\/v2\/pages\/2708\/revisions\/2901"}],"wp:featuredmedia":[{"embeddable":true,"href":"https:\/\/www.artoisplastiques.fr\/de\/wp-json\/wp\/v2\/media\/58"}],"wp:attachment":[{"href":"https:\/\/www.artoisplastiques.fr\/de\/wp-json\/wp\/v2\/media?parent=2708"}],"curies":[{"name":"wp","href":"https:\/\/api.w.org\/{rel}","templated":true}]}}