{"id":2678,"date":"2024-09-11T10:28:04","date_gmt":"2024-09-11T08:28:04","guid":{"rendered":"https:\/\/www.artoisplastiques.fr\/materialien\/"},"modified":"2024-12-10T14:09:13","modified_gmt":"2024-12-10T13:09:13","slug":"materialien","status":"publish","type":"page","link":"https:\/\/www.artoisplastiques.fr\/de\/materialien\/","title":{"rendered":"Materialien"},"content":{"rendered":"\t\t<div data-elementor-type=\"wp-page\" data-elementor-id=\"2678\" class=\"elementor elementor-2678 elementor-925\" data-elementor-post-type=\"page\">\n\t\t\t\t<div class=\"elementor-element elementor-element-7965953 e-flex e-con-boxed e-con e-parent\" data-id=\"7965953\" data-element_type=\"container\" data-e-type=\"container\" data-settings=\"{&quot;background_background&quot;:&quot;classic&quot;,&quot;jet_parallax_layout_list&quot;:[]}\">\n\t\t\t\t\t<div class=\"e-con-inner\">\n\t\t\t\t<div class=\"elementor-element elementor-element-0f0d3c9 elementor-widget-mobile__width-initial elementor-widget elementor-widget-heading\" data-id=\"0f0d3c9\" data-element_type=\"widget\" data-e-type=\"widget\" data-widget_type=\"heading.default\">\n\t\t\t\t<div class=\"elementor-widget-container\">\n\t\t\t\t\t<h1 class=\"elementor-heading-title elementor-size-default\">Materialien<\/h1>\t\t\t\t<\/div>\n\t\t\t\t<\/div>\n\t\t\t\t<div class=\"elementor-element elementor-element-ac8525b elementor-widget-mobile__width-inherit elementor-widget elementor-widget-text-editor\" data-id=\"ac8525b\" data-element_type=\"widget\" data-e-type=\"widget\" data-widget_type=\"text-editor.default\">\n\t\t\t\t<div class=\"elementor-widget-container\">\n\t\t\t\t\t\t\t\t\t<p>Bei Artois Plastiques verarbeiten wir alle technischen Kunst- und Verbundstoffe, z.B. (Polyamid, Polyacetale, PVC, PP, Polyethylen, PTFE, PVDF, PETP, Polycarbonate, PMMA, Polyurethane usw.) oder auch spezifische Kunststoffe wie CESTIDUR &#8211; KETRON &#8211; ERTAPSU &#8211; CESTITECH 7000 &#8211; TECHTRON &#8211; HPV und noch viele andere.<\/p>\n<p>Wir bieten auch den Verkauf von Rohstoffen und Lohnzuschnitten in Form von Platten, Stangen und Rohren in verschiedenen Farben und Gr\u00f6\u00dfen an und verf\u00fcgen \u00fcber einen Maschinenpark, der es uns erm\u00f6glicht, auf Ihre Formatanfragen von kleinen bis gro\u00dfen Serien zu reagieren.<\/p>\n<p>Wir verf\u00fcgen \u00fcber eines der gr\u00f6\u00dften Kunststofflager n\u00f6rdlich von Paris, was uns<br \/>erm\u00f6glicht, Sie innerhalb von 24-48 Stunden zu beliefern, je nachdem, wo Sie sich befinden.<\/p>\n\t\t\t\t\t\t\t\t<\/div>\n\t\t\t\t<\/div>\n\t\t\t\t\t<\/div>\n\t\t\t\t<\/div>\n\t\t<div class=\"elementor-element elementor-element-892ab57 e-con-full e-flex e-con e-parent\" data-id=\"892ab57\" data-element_type=\"container\" data-e-type=\"container\" data-settings=\"{&quot;jet_parallax_layout_list&quot;:[]}\">\n\t\t<div class=\"elementor-element elementor-element-28521f5 e-con-full e-flex e-con e-child\" data-id=\"28521f5\" data-element_type=\"container\" data-e-type=\"container\" data-settings=\"{&quot;jet_parallax_layout_list&quot;:[]}\">\n\t\t\t\t<div class=\"elementor-element elementor-element-a79a108 elementor-widget elementor-widget-heading\" data-id=\"a79a108\" data-element_type=\"widget\" data-e-type=\"widget\" data-widget_type=\"heading.default\">\n\t\t\t\t<div class=\"elementor-widget-container\">\n\t\t\t\t\t<h5 class=\"elementor-heading-title elementor-size-default\">Sortieren Sie nach Kategorie :<\/h5>\t\t\t\t<\/div>\n\t\t\t\t<\/div>\n\t\t\t\t<div class=\"elementor-element elementor-element-7e7c5c1 elementor-widget elementor-widget-jet-smart-filters-checkboxes\" data-id=\"7e7c5c1\" data-element_type=\"widget\" data-e-type=\"widget\" data-widget_type=\"jet-smart-filters-checkboxes.default\">\n\t\t\t\t<div class=\"elementor-widget-container\">\n\t\t\t\t\t<div class=\"jet-smart-filters-checkboxes jet-filter \" data-indexer-rule=\"show\" data-show-counter=\"\" data-change-counter=\"always\"><div class=\"jet-checkboxes-list\" data-query-type=\"tax_query\" data-query-var=\"categorie-de-matiere\" data-smart-filter=\"checkboxes\" data-filter-id=\"1807\" data-apply-type=\"ajax\" data-content-provider=\"jet-engine\" data-additional-providers=\"\" data-query-id=\"default\" data-active-label=\"\" data-layout-options=\"{&quot;show_label&quot;:&quot;&quot;,&quot;display_options&quot;:{&quot;show_items_label&quot;:false,&quot;show_decorator&quot;:&quot;yes&quot;,&quot;filter_image_size&quot;:&quot;full&quot;,&quot;show_counter&quot;:false}}\" data-query-var-suffix=\"\" data-apply-on=\"value\">\n\t<fieldset class=\"jet-checkboxes-list-wrapper\"><legend style=\"display:none;\">test<\/legend><div class=\"jet-checkboxes-list__row jet-filter-row\">\n\t\t<label\n\t\tclass=\"jet-checkboxes-list__item\"\n\t\t\t>\n\t\t<input\n\t\t\ttype=\"checkbox\"\n\t\t\tclass=\"jet-checkboxes-list__input\"\n\t\t\tname=\"categorie-de-matiere\"\n\t\t\tvalue=\"87\"\n\t\t\tdata-label=\"Elastomere\"\n\t\t\t\t\t\taria-label=\"Elastomere\"\n\t\t\t\t\t>\n\t\t<div class=\"jet-checkboxes-list__button\">\n\t\t\t\t\t\t\t<span class=\"jet-checkboxes-list__decorator\">\n\t\t\t\t\t<i class=\"jet-checkboxes-list__checked-icon\">\n\t\t\t\t\t\t<svg width=\"28\" height=\"28\" viewBox=\"0 0 28 28\" xmlns=\"http:\/\/www.w3.org\/2000\/svg\">\n\t<path d=\"M26.109 8.844c0 0.391-0.156 0.781-0.438 1.062l-13.438 13.438c-0.281 0.281-0.672 0.438-1.062 0.438s-0.781-0.156-1.062-0.438l-7.781-7.781c-0.281-0.281-0.438-0.672-0.438-1.062s0.156-0.781 0.438-1.062l2.125-2.125c0.281-0.281 0.672-0.438 1.062-0.438s0.781 0.156 1.062 0.438l4.594 4.609 10.25-10.266c0.281-0.281 0.672-0.438 1.062-0.438s0.781 0.156 1.062 0.438l2.125 2.125c0.281 0.281 0.438 0.672 0.438 1.062z\"><\/path>\n<\/svg>\n\t\t\t\t\t<\/i>\n\t\t\t\t<\/span>\n\t\t\t\t\t\t<span class=\"jet-checkboxes-list__label\">\n\t\t\t\tElastomere\t\t\t<\/span>\n\t\t\t\t\t<\/div>\n\t<\/label>\n<\/div><div class=\"jet-checkboxes-list__row jet-filter-row\">\n\t\t<label\n\t\tclass=\"jet-checkboxes-list__item\"\n\t\t\t>\n\t\t<input\n\t\t\ttype=\"checkbox\"\n\t\t\tclass=\"jet-checkboxes-list__input\"\n\t\t\tname=\"categorie-de-matiere\"\n\t\t\tvalue=\"77\"\n\t\t\tdata-label=\"Fluoridiert\"\n\t\t\t\t\t\taria-label=\"Fluoridiert\"\n\t\t\t\t\t>\n\t\t<div class=\"jet-checkboxes-list__button\">\n\t\t\t\t\t\t\t<span class=\"jet-checkboxes-list__decorator\">\n\t\t\t\t\t<i class=\"jet-checkboxes-list__checked-icon\">\n\t\t\t\t\t\t<svg width=\"28\" height=\"28\" viewBox=\"0 0 28 28\" xmlns=\"http:\/\/www.w3.org\/2000\/svg\">\n\t<path d=\"M26.109 8.844c0 0.391-0.156 0.781-0.438 1.062l-13.438 13.438c-0.281 0.281-0.672 0.438-1.062 0.438s-0.781-0.156-1.062-0.438l-7.781-7.781c-0.281-0.281-0.438-0.672-0.438-1.062s0.156-0.781 0.438-1.062l2.125-2.125c0.281-0.281 0.672-0.438 1.062-0.438s0.781 0.156 1.062 0.438l4.594 4.609 10.25-10.266c0.281-0.281 0.672-0.438 1.062-0.438s0.781 0.156 1.062 0.438l2.125 2.125c0.281 0.281 0.438 0.672 0.438 1.062z\"><\/path>\n<\/svg>\n\t\t\t\t\t<\/i>\n\t\t\t\t<\/span>\n\t\t\t\t\t\t<span class=\"jet-checkboxes-list__label\">\n\t\t\t\tFluoridiert\t\t\t<\/span>\n\t\t\t\t\t<\/div>\n\t<\/label>\n<\/div><div class=\"jet-checkboxes-list__row jet-filter-row\">\n\t\t<label\n\t\tclass=\"jet-checkboxes-list__item\"\n\t\t\t>\n\t\t<input\n\t\t\ttype=\"checkbox\"\n\t\t\tclass=\"jet-checkboxes-list__input\"\n\t\t\tname=\"categorie-de-matiere\"\n\t\t\tvalue=\"80\"\n\t\t\tdata-label=\"H\u00e4ufige Materialien\"\n\t\t\t\t\t\taria-label=\"H\u00e4ufige Materialien\"\n\t\t\t\t\t>\n\t\t<div class=\"jet-checkboxes-list__button\">\n\t\t\t\t\t\t\t<span class=\"jet-checkboxes-list__decorator\">\n\t\t\t\t\t<i class=\"jet-checkboxes-list__checked-icon\">\n\t\t\t\t\t\t<svg width=\"28\" height=\"28\" viewBox=\"0 0 28 28\" xmlns=\"http:\/\/www.w3.org\/2000\/svg\">\n\t<path d=\"M26.109 8.844c0 0.391-0.156 0.781-0.438 1.062l-13.438 13.438c-0.281 0.281-0.672 0.438-1.062 0.438s-0.781-0.156-1.062-0.438l-7.781-7.781c-0.281-0.281-0.438-0.672-0.438-1.062s0.156-0.781 0.438-1.062l2.125-2.125c0.281-0.281 0.672-0.438 1.062-0.438s0.781 0.156 1.062 0.438l4.594 4.609 10.25-10.266c0.281-0.281 0.672-0.438 1.062-0.438s0.781 0.156 1.062 0.438l2.125 2.125c0.281 0.281 0.438 0.672 0.438 1.062z\"><\/path>\n<\/svg>\n\t\t\t\t\t<\/i>\n\t\t\t\t<\/span>\n\t\t\t\t\t\t<span class=\"jet-checkboxes-list__label\">\n\t\t\t\tH\u00e4ufige Materialien\t\t\t<\/span>\n\t\t\t\t\t<\/div>\n\t<\/label>\n<\/div><div class=\"jet-checkboxes-list__row jet-filter-row\">\n\t\t<label\n\t\tclass=\"jet-checkboxes-list__item\"\n\t\t\t>\n\t\t<input\n\t\t\ttype=\"checkbox\"\n\t\t\tclass=\"jet-checkboxes-list__input\"\n\t\t\tname=\"categorie-de-matiere\"\n\t\t\tvalue=\"78\"\n\t\t\tdata-label=\"Hohe Temperaturen \/ HPM\"\n\t\t\t\t\t\taria-label=\"Hohe Temperaturen \/ HPM\"\n\t\t\t\t\t>\n\t\t<div class=\"jet-checkboxes-list__button\">\n\t\t\t\t\t\t\t<span class=\"jet-checkboxes-list__decorator\">\n\t\t\t\t\t<i class=\"jet-checkboxes-list__checked-icon\">\n\t\t\t\t\t\t<svg width=\"28\" height=\"28\" viewBox=\"0 0 28 28\" xmlns=\"http:\/\/www.w3.org\/2000\/svg\">\n\t<path d=\"M26.109 8.844c0 0.391-0.156 0.781-0.438 1.062l-13.438 13.438c-0.281 0.281-0.672 0.438-1.062 0.438s-0.781-0.156-1.062-0.438l-7.781-7.781c-0.281-0.281-0.438-0.672-0.438-1.062s0.156-0.781 0.438-1.062l2.125-2.125c0.281-0.281 0.672-0.438 1.062-0.438s0.781 0.156 1.062 0.438l4.594 4.609 10.25-10.266c0.281-0.281 0.672-0.438 1.062-0.438s0.781 0.156 1.062 0.438l2.125 2.125c0.281 0.281 0.438 0.672 0.438 1.062z\"><\/path>\n<\/svg>\n\t\t\t\t\t<\/i>\n\t\t\t\t<\/span>\n\t\t\t\t\t\t<span class=\"jet-checkboxes-list__label\">\n\t\t\t\tHohe Temperaturen \/ HPM\t\t\t<\/span>\n\t\t\t\t\t<\/div>\n\t<\/label>\n<\/div><div class=\"jet-checkboxes-list__row jet-filter-row\">\n\t\t<label\n\t\tclass=\"jet-checkboxes-list__item\"\n\t\t\t>\n\t\t<input\n\t\t\ttype=\"checkbox\"\n\t\t\tclass=\"jet-checkboxes-list__input\"\n\t\t\tname=\"categorie-de-matiere\"\n\t\t\tvalue=\"75\"\n\t\t\tdata-label=\"Kesselbar\"\n\t\t\t\t\t\taria-label=\"Kesselbar\"\n\t\t\t\t\t>\n\t\t<div class=\"jet-checkboxes-list__button\">\n\t\t\t\t\t\t\t<span class=\"jet-checkboxes-list__decorator\">\n\t\t\t\t\t<i class=\"jet-checkboxes-list__checked-icon\">\n\t\t\t\t\t\t<svg width=\"28\" height=\"28\" viewBox=\"0 0 28 28\" xmlns=\"http:\/\/www.w3.org\/2000\/svg\">\n\t<path d=\"M26.109 8.844c0 0.391-0.156 0.781-0.438 1.062l-13.438 13.438c-0.281 0.281-0.672 0.438-1.062 0.438s-0.781-0.156-1.062-0.438l-7.781-7.781c-0.281-0.281-0.438-0.672-0.438-1.062s0.156-0.781 0.438-1.062l2.125-2.125c0.281-0.281 0.672-0.438 1.062-0.438s0.781 0.156 1.062 0.438l4.594 4.609 10.25-10.266c0.281-0.281 0.672-0.438 1.062-0.438s0.781 0.156 1.062 0.438l2.125 2.125c0.281 0.281 0.438 0.672 0.438 1.062z\"><\/path>\n<\/svg>\n\t\t\t\t\t<\/i>\n\t\t\t\t<\/span>\n\t\t\t\t\t\t<span class=\"jet-checkboxes-list__label\">\n\t\t\t\tKesselbar\t\t\t<\/span>\n\t\t\t\t\t<\/div>\n\t<\/label>\n<\/div><div class=\"jet-checkboxes-list__row jet-filter-row\">\n\t\t<label\n\t\tclass=\"jet-checkboxes-list__item\"\n\t\t\t>\n\t\t<input\n\t\t\ttype=\"checkbox\"\n\t\t\tclass=\"jet-checkboxes-list__input\"\n\t\t\tname=\"categorie-de-matiere\"\n\t\t\tvalue=\"82\"\n\t\t\tdata-label=\"Laminat\"\n\t\t\t\t\t\taria-label=\"Laminat\"\n\t\t\t\t\t>\n\t\t<div class=\"jet-checkboxes-list__button\">\n\t\t\t\t\t\t\t<span class=\"jet-checkboxes-list__decorator\">\n\t\t\t\t\t<i class=\"jet-checkboxes-list__checked-icon\">\n\t\t\t\t\t\t<svg width=\"28\" height=\"28\" viewBox=\"0 0 28 28\" xmlns=\"http:\/\/www.w3.org\/2000\/svg\">\n\t<path d=\"M26.109 8.844c0 0.391-0.156 0.781-0.438 1.062l-13.438 13.438c-0.281 0.281-0.672 0.438-1.062 0.438s-0.781-0.156-1.062-0.438l-7.781-7.781c-0.281-0.281-0.438-0.672-0.438-1.062s0.156-0.781 0.438-1.062l2.125-2.125c0.281-0.281 0.672-0.438 1.062-0.438s0.781 0.156 1.062 0.438l4.594 4.609 10.25-10.266c0.281-0.281 0.672-0.438 1.062-0.438s0.781 0.156 1.062 0.438l2.125 2.125c0.281 0.281 0.438 0.672 0.438 1.062z\"><\/path>\n<\/svg>\n\t\t\t\t\t<\/i>\n\t\t\t\t<\/span>\n\t\t\t\t\t\t<span class=\"jet-checkboxes-list__label\">\n\t\t\t\tLaminat\t\t\t<\/span>\n\t\t\t\t\t<\/div>\n\t<\/label>\n<\/div><div class=\"jet-checkboxes-list__row jet-filter-row\">\n\t\t<label\n\t\tclass=\"jet-checkboxes-list__item\"\n\t\t\t>\n\t\t<input\n\t\t\ttype=\"checkbox\"\n\t\t\tclass=\"jet-checkboxes-list__input\"\n\t\t\tname=\"categorie-de-matiere\"\n\t\t\tvalue=\"86\"\n\t\t\tdata-label=\"Transparente\"\n\t\t\t\t\t\taria-label=\"Transparente\"\n\t\t\t\t\t>\n\t\t<div class=\"jet-checkboxes-list__button\">\n\t\t\t\t\t\t\t<span class=\"jet-checkboxes-list__decorator\">\n\t\t\t\t\t<i class=\"jet-checkboxes-list__checked-icon\">\n\t\t\t\t\t\t<svg width=\"28\" height=\"28\" viewBox=\"0 0 28 28\" xmlns=\"http:\/\/www.w3.org\/2000\/svg\">\n\t<path d=\"M26.109 8.844c0 0.391-0.156 0.781-0.438 1.062l-13.438 13.438c-0.281 0.281-0.672 0.438-1.062 0.438s-0.781-0.156-1.062-0.438l-7.781-7.781c-0.281-0.281-0.438-0.672-0.438-1.062s0.156-0.781 0.438-1.062l2.125-2.125c0.281-0.281 0.672-0.438 1.062-0.438s0.781 0.156 1.062 0.438l4.594 4.609 10.25-10.266c0.281-0.281 0.672-0.438 1.062-0.438s0.781 0.156 1.062 0.438l2.125 2.125c0.281 0.281 0.438 0.672 0.438 1.062z\"><\/path>\n<\/svg>\n\t\t\t\t\t<\/i>\n\t\t\t\t<\/span>\n\t\t\t\t\t\t<span class=\"jet-checkboxes-list__label\">\n\t\t\t\tTransparente\t\t\t<\/span>\n\t\t\t\t\t<\/div>\n\t<\/label>\n<\/div><\/fieldset><\/div>\n<\/div>\t\t\t\t<\/div>\n\t\t\t\t<\/div>\n\t\t\t\t<\/div>\n\t\t<div class=\"elementor-element elementor-element-b5acb7c e-con-full e-flex e-con e-child\" data-id=\"b5acb7c\" data-element_type=\"container\" data-e-type=\"container\" data-settings=\"{&quot;jet_parallax_layout_list&quot;:[]}\">\n\t\t\t\t<div class=\"elementor-element elementor-element-0572bf3 elementor-widget elementor-widget-jet-listing-grid\" data-id=\"0572bf3\" data-element_type=\"widget\" data-e-type=\"widget\" data-settings=\"{&quot;columns_tablet&quot;:&quot;2&quot;,&quot;columns_mobile&quot;:&quot;1&quot;,&quot;columns&quot;:3}\" data-widget_type=\"jet-listing-grid.default\">\n\t\t\t\t<div class=\"elementor-widget-container\">\n\t\t\t\t\t<div class=\"jet-listing-grid jet-listing-grid--lazy-load jet-listing jet-listing-grid-loading\" data-lazy-load=\"{&quot;offset&quot;:&quot;0px&quot;,&quot;post_id&quot;:2678,&quot;queried_id&quot;:&quot;2678|WP_Post&quot;}\"><div class=\"jet-listing-grid__loader\"><div class=\"jet-listing-grid__loader-spinner\"><\/div><\/div><\/div>\t\t\t\t<\/div>\n\t\t\t\t<\/div>\n\t\t\t\t<\/div>\n\t\t\t\t<\/div>\n\t\t<div class=\"elementor-element elementor-element-0b06aba e-flex e-con-boxed e-con e-parent\" data-id=\"0b06aba\" data-element_type=\"container\" data-e-type=\"container\" data-settings=\"{&quot;background_background&quot;:&quot;classic&quot;,&quot;jet_parallax_layout_list&quot;:[]}\">\n\t\t\t\t\t<div class=\"e-con-inner\">\n\t\t<div class=\"elementor-element elementor-element-a9b1890 e-con-full e-flex e-con e-child\" data-id=\"a9b1890\" data-element_type=\"container\" data-e-type=\"container\" data-settings=\"{&quot;jet_parallax_layout_list&quot;:[]}\">\n\t\t\t\t<div class=\"elementor-element elementor-element-98726a7 elementor-widget elementor-widget-heading\" data-id=\"98726a7\" data-element_type=\"widget\" data-e-type=\"widget\" data-widget_type=\"heading.default\">\n\t\t\t\t<div class=\"elementor-widget-container\">\n\t\t\t\t\t<h2 class=\"elementor-heading-title elementor-size-default\">Ein Projekt?<\/h2>\t\t\t\t<\/div>\n\t\t\t\t<\/div>\n\t\t\t\t<div class=\"elementor-element elementor-element-18eaca5 elementor-widget elementor-widget-heading\" data-id=\"18eaca5\" data-element_type=\"widget\" data-e-type=\"widget\" data-widget_type=\"heading.default\">\n\t\t\t\t<div class=\"elementor-widget-container\">\n\t\t\t\t\t<span class=\"elementor-heading-title elementor-size-default\">Unsere Techniker beantworten gerne Ihre Fragen.<\/span>\t\t\t\t<\/div>\n\t\t\t\t<\/div>\n\t\t\t\t<\/div>\n\t\t<div class=\"elementor-element elementor-element-81994a0 e-con-full e-flex e-con e-child\" data-id=\"81994a0\" data-element_type=\"container\" data-e-type=\"container\" data-settings=\"{&quot;jet_parallax_layout_list&quot;:[]}\">\n\t\t\t\t<div class=\"elementor-element elementor-element-a1180c7 contact-btn elementor-widget elementor-widget-raven-image\" data-id=\"a1180c7\" data-element_type=\"widget\" data-e-type=\"widget\" data-widget_type=\"raven-image.default\">\n\t\t\t\t<div class=\"elementor-widget-container\">\n\t\t\t\t\t\t\t<div class=\"raven-image\">\n\t\t\n\t\t\n\t\t<img fetchpriority=\"high\" decoding=\"async\" width=\"482\" height=\"107\" src=\"https:\/\/www.artoisplastiques.fr\/wp-content\/uploads\/2024\/10\/Bouton-Contact.png\" class=\"attachment-full size-full wp-image-2657\" alt=\"\" srcset=\"https:\/\/www.artoisplastiques.fr\/wp-content\/uploads\/2024\/10\/Bouton-Contact.png 482w, https:\/\/www.artoisplastiques.fr\/wp-content\/uploads\/2024\/10\/Bouton-Contact-300x67.png 300w\" sizes=\"(max-width: 482px) 100vw, 482px\" \/>\t\t<\/div>\n\t\t\t\t\t\t<\/div>\n\t\t\t\t<\/div>\n\t\t\t\t<\/div>\n\t\t\t\t\t<\/div>\n\t\t\t\t<\/div>\n\t\t\t\t<\/div>\n\t\t","protected":false},"excerpt":{"rendered":"<p>Materialien Bei Artois Plastiques verarbeiten wir alle technischen Kunst- und Verbundstoffe, z.B. (Polyamid, Polyacetale, PVC, PP, Polyethylen, PTFE, PVDF, PETP, Polycarbonate, PMMA, Polyurethane usw.) oder auch spezifische Kunststoffe wie CESTIDUR &#8211; KETRON &#8211; ERTAPSU &#8211; CESTITECH 7000 &#8211; TECHTRON &#8211; HPV und noch viele andere. Wir bieten auch den Verkauf von Rohstoffen und Lohnzuschnitten in [&hellip;]<\/p>\n","protected":false},"author":1,"featured_media":58,"parent":0,"menu_order":0,"comment_status":"closed","ping_status":"closed","template":"","meta":{"_acf_changed":false,"iawp_total_views":36,"footnotes":""},"class_list":["post-2678","page","type-page","status-publish","has-post-thumbnail","hentry"],"acf":[],"yoast_head":"<!-- This site is optimized with the Yoast SEO plugin v27.4 - https:\/\/yoast.com\/product\/yoast-seo-wordpress\/ -->\n<title>Materialien - Artois Plastiques<\/title>\n<meta name=\"robots\" content=\"index, follow, max-snippet:-1, max-image-preview:large, max-video-preview:-1\" \/>\n<link rel=\"canonical\" href=\"https:\/\/www.artoisplastiques.fr\/de\/materialien\/\" \/>\n<meta property=\"og:locale\" content=\"de_DE\" \/>\n<meta property=\"og:type\" content=\"article\" \/>\n<meta property=\"og:title\" content=\"Materialien - Artois Plastiques\" \/>\n<meta property=\"og:description\" content=\"Materialien Bei Artois Plastiques verarbeiten wir alle technischen Kunst- und Verbundstoffe, z.B. (Polyamid, Polyacetale, PVC, PP, Polyethylen, PTFE, PVDF, PETP, Polycarbonate, PMMA, Polyurethane usw.) oder auch spezifische Kunststoffe wie CESTIDUR &#8211; KETRON &#8211; ERTAPSU &#8211; CESTITECH 7000 &#8211; TECHTRON &#8211; HPV und noch viele andere. Wir bieten auch den Verkauf von Rohstoffen und Lohnzuschnitten in [&hellip;]\" \/>\n<meta property=\"og:url\" content=\"https:\/\/www.artoisplastiques.fr\/de\/materialien\/\" \/>\n<meta property=\"og:site_name\" content=\"Artois Plastiques\" \/>\n<meta property=\"article:modified_time\" content=\"2024-12-10T13:09:13+00:00\" \/>\n<meta property=\"og:image\" content=\"https:\/\/www.artoisplastiques.fr\/wp-content\/uploads\/2024\/03\/artois-footer.jpg\" \/>\n\t<meta property=\"og:image:width\" content=\"315\" \/>\n\t<meta property=\"og:image:height\" content=\"116\" \/>\n\t<meta property=\"og:image:type\" content=\"image\/jpeg\" \/>\n<meta name=\"twitter:card\" content=\"summary_large_image\" \/>\n<meta name=\"twitter:label1\" content=\"Gesch\u00e4tzte Lesezeit\" \/>\n\t<meta name=\"twitter:data1\" content=\"1\u00a0Minute\" \/>\n<script type=\"application\/ld+json\" class=\"yoast-schema-graph\">{\"@context\":\"https:\\\/\\\/schema.org\",\"@graph\":[{\"@type\":\"WebPage\",\"@id\":\"https:\\\/\\\/www.artoisplastiques.fr\\\/de\\\/materialien\\\/\",\"url\":\"https:\\\/\\\/www.artoisplastiques.fr\\\/de\\\/materialien\\\/\",\"name\":\"Materialien - Artois Plastiques\",\"isPartOf\":{\"@id\":\"https:\\\/\\\/www.artoisplastiques.fr\\\/de\\\/#website\"},\"primaryImageOfPage\":{\"@id\":\"https:\\\/\\\/www.artoisplastiques.fr\\\/de\\\/materialien\\\/#primaryimage\"},\"image\":{\"@id\":\"https:\\\/\\\/www.artoisplastiques.fr\\\/de\\\/materialien\\\/#primaryimage\"},\"thumbnailUrl\":\"https:\\\/\\\/www.artoisplastiques.fr\\\/wp-content\\\/uploads\\\/2024\\\/03\\\/artois-footer.jpg\",\"datePublished\":\"2024-09-11T08:28:04+00:00\",\"dateModified\":\"2024-12-10T13:09:13+00:00\",\"breadcrumb\":{\"@id\":\"https:\\\/\\\/www.artoisplastiques.fr\\\/de\\\/materialien\\\/#breadcrumb\"},\"inLanguage\":\"de\",\"potentialAction\":[{\"@type\":\"ReadAction\",\"target\":[\"https:\\\/\\\/www.artoisplastiques.fr\\\/de\\\/materialien\\\/\"]}]},{\"@type\":\"ImageObject\",\"inLanguage\":\"de\",\"@id\":\"https:\\\/\\\/www.artoisplastiques.fr\\\/de\\\/materialien\\\/#primaryimage\",\"url\":\"https:\\\/\\\/www.artoisplastiques.fr\\\/wp-content\\\/uploads\\\/2024\\\/03\\\/artois-footer.jpg\",\"contentUrl\":\"https:\\\/\\\/www.artoisplastiques.fr\\\/wp-content\\\/uploads\\\/2024\\\/03\\\/artois-footer.jpg\",\"width\":315,\"height\":116,\"caption\":\"logo artois plastiques footer\"},{\"@type\":\"BreadcrumbList\",\"@id\":\"https:\\\/\\\/www.artoisplastiques.fr\\\/de\\\/materialien\\\/#breadcrumb\",\"itemListElement\":[{\"@type\":\"ListItem\",\"position\":1,\"name\":\"Accueil\",\"item\":\"https:\\\/\\\/www.artoisplastiques.fr\\\/de\\\/\"},{\"@type\":\"ListItem\",\"position\":2,\"name\":\"Materialien\"}]},{\"@type\":\"WebSite\",\"@id\":\"https:\\\/\\\/www.artoisplastiques.fr\\\/de\\\/#website\",\"url\":\"https:\\\/\\\/www.artoisplastiques.fr\\\/de\\\/\",\"name\":\"Artois Plastiques\",\"description\":\"ARTOIS PLASTIQUES VOTRE PARTENAIRE POUR LA R\u00c9ALISATION DE PI\u00c8CES EN PLASTIQUES TECHNIQUES\",\"potentialAction\":[{\"@type\":\"SearchAction\",\"target\":{\"@type\":\"EntryPoint\",\"urlTemplate\":\"https:\\\/\\\/www.artoisplastiques.fr\\\/de\\\/?s={search_term_string}\"},\"query-input\":{\"@type\":\"PropertyValueSpecification\",\"valueRequired\":true,\"valueName\":\"search_term_string\"}}],\"inLanguage\":\"de\"}]}<\/script>\n<!-- \/ Yoast SEO plugin. -->","yoast_head_json":{"title":"Materialien - Artois Plastiques","robots":{"index":"index","follow":"follow","max-snippet":"max-snippet:-1","max-image-preview":"max-image-preview:large","max-video-preview":"max-video-preview:-1"},"canonical":"https:\/\/www.artoisplastiques.fr\/de\/materialien\/","og_locale":"de_DE","og_type":"article","og_title":"Materialien - Artois Plastiques","og_description":"Materialien Bei Artois Plastiques verarbeiten wir alle technischen Kunst- und Verbundstoffe, z.B. (Polyamid, Polyacetale, PVC, PP, Polyethylen, PTFE, PVDF, PETP, Polycarbonate, PMMA, Polyurethane usw.) oder auch spezifische Kunststoffe wie CESTIDUR &#8211; KETRON &#8211; ERTAPSU &#8211; CESTITECH 7000 &#8211; TECHTRON &#8211; HPV und noch viele andere. Wir bieten auch den Verkauf von Rohstoffen und Lohnzuschnitten in [&hellip;]","og_url":"https:\/\/www.artoisplastiques.fr\/de\/materialien\/","og_site_name":"Artois Plastiques","article_modified_time":"2024-12-10T13:09:13+00:00","og_image":[{"width":315,"height":116,"url":"https:\/\/www.artoisplastiques.fr\/wp-content\/uploads\/2024\/03\/artois-footer.jpg","type":"image\/jpeg"}],"twitter_card":"summary_large_image","twitter_misc":{"Gesch\u00e4tzte Lesezeit":"1\u00a0Minute"},"schema":{"@context":"https:\/\/schema.org","@graph":[{"@type":"WebPage","@id":"https:\/\/www.artoisplastiques.fr\/de\/materialien\/","url":"https:\/\/www.artoisplastiques.fr\/de\/materialien\/","name":"Materialien - Artois Plastiques","isPartOf":{"@id":"https:\/\/www.artoisplastiques.fr\/de\/#website"},"primaryImageOfPage":{"@id":"https:\/\/www.artoisplastiques.fr\/de\/materialien\/#primaryimage"},"image":{"@id":"https:\/\/www.artoisplastiques.fr\/de\/materialien\/#primaryimage"},"thumbnailUrl":"https:\/\/www.artoisplastiques.fr\/wp-content\/uploads\/2024\/03\/artois-footer.jpg","datePublished":"2024-09-11T08:28:04+00:00","dateModified":"2024-12-10T13:09:13+00:00","breadcrumb":{"@id":"https:\/\/www.artoisplastiques.fr\/de\/materialien\/#breadcrumb"},"inLanguage":"de","potentialAction":[{"@type":"ReadAction","target":["https:\/\/www.artoisplastiques.fr\/de\/materialien\/"]}]},{"@type":"ImageObject","inLanguage":"de","@id":"https:\/\/www.artoisplastiques.fr\/de\/materialien\/#primaryimage","url":"https:\/\/www.artoisplastiques.fr\/wp-content\/uploads\/2024\/03\/artois-footer.jpg","contentUrl":"https:\/\/www.artoisplastiques.fr\/wp-content\/uploads\/2024\/03\/artois-footer.jpg","width":315,"height":116,"caption":"logo artois plastiques footer"},{"@type":"BreadcrumbList","@id":"https:\/\/www.artoisplastiques.fr\/de\/materialien\/#breadcrumb","itemListElement":[{"@type":"ListItem","position":1,"name":"Accueil","item":"https:\/\/www.artoisplastiques.fr\/de\/"},{"@type":"ListItem","position":2,"name":"Materialien"}]},{"@type":"WebSite","@id":"https:\/\/www.artoisplastiques.fr\/de\/#website","url":"https:\/\/www.artoisplastiques.fr\/de\/","name":"Artois Plastiques","description":"ARTOIS PLASTIQUES VOTRE PARTENAIRE POUR LA R\u00c9ALISATION DE PI\u00c8CES EN PLASTIQUES TECHNIQUES","potentialAction":[{"@type":"SearchAction","target":{"@type":"EntryPoint","urlTemplate":"https:\/\/www.artoisplastiques.fr\/de\/?s={search_term_string}"},"query-input":{"@type":"PropertyValueSpecification","valueRequired":true,"valueName":"search_term_string"}}],"inLanguage":"de"}]}},"_links":{"self":[{"href":"https:\/\/www.artoisplastiques.fr\/de\/wp-json\/wp\/v2\/pages\/2678","targetHints":{"allow":["GET"]}}],"collection":[{"href":"https:\/\/www.artoisplastiques.fr\/de\/wp-json\/wp\/v2\/pages"}],"about":[{"href":"https:\/\/www.artoisplastiques.fr\/de\/wp-json\/wp\/v2\/types\/page"}],"author":[{"embeddable":true,"href":"https:\/\/www.artoisplastiques.fr\/de\/wp-json\/wp\/v2\/users\/1"}],"replies":[{"embeddable":true,"href":"https:\/\/www.artoisplastiques.fr\/de\/wp-json\/wp\/v2\/comments?post=2678"}],"version-history":[{"count":1,"href":"https:\/\/www.artoisplastiques.fr\/de\/wp-json\/wp\/v2\/pages\/2678\/revisions"}],"predecessor-version":[{"id":2680,"href":"https:\/\/www.artoisplastiques.fr\/de\/wp-json\/wp\/v2\/pages\/2678\/revisions\/2680"}],"wp:featuredmedia":[{"embeddable":true,"href":"https:\/\/www.artoisplastiques.fr\/de\/wp-json\/wp\/v2\/media\/58"}],"wp:attachment":[{"href":"https:\/\/www.artoisplastiques.fr\/de\/wp-json\/wp\/v2\/media?parent=2678"}],"curies":[{"name":"wp","href":"https:\/\/api.w.org\/{rel}","templated":true}]}}